{"id":1149,"date":"2025-02-08T11:55:55","date_gmt":"2025-02-08T11:55:55","guid":{"rendered":"https:\/\/alpha1mz.org\/informacje-dla-pacjenta\/czym-jest-alfa-1-antytrypsyna\/"},"modified":"2025-11-20T10:34:45","modified_gmt":"2025-11-20T10:34:45","slug":"czym-jest-alfa-1-antytrypsyna","status":"publish","type":"page","link":"https:\/\/alpha1mz.org\/pl\/informacje-dla-pacjenta\/czym-jest-alfa-1-antytrypsyna\/","title":{"rendered":"Czym jest alfa-1 antytrypsyna?"},"content":{"rendered":"\n<p>Alfa-1 antytrypsyna (AAT) to bia\u0142ko wytwarzane g\u0142\u00f3wnie w w\u0105trobie i uwalniane do krwiobiegu, kt\u00f3re pomaga chroni\u0107 p\u0142uca. Przyjrzyjmy si\u0119 bli\u017cej jego funkcjom i znaczeniu:<\/p>\n\n<p><strong>Funkcja<\/strong>:<br\/>Inhibitor proteazy: Podstawow\u0105 rol\u0105 AAT jest hamowanie aktywno\u015bci proteaz, zw\u0142aszcza elastazy neutrofilowej, kt\u00f3ra jest enzymem rozk\u0142adaj\u0105cym elastyn\u0119 w tkance p\u0142ucnej. Elastyna jest bia\u0142kiem zapewniaj\u0105cym elastyczno\u015b\u0107 tkankom, takim jak p\u0142uca i sk\u00f3ra. <br\/><br\/><strong>Ochrona tkanki p\u0142ucnej<\/strong>: <br\/>Neutralizuj\u0105c elastaz\u0119, AAT pomaga chroni\u0107 delikatn\u0105 struktur\u0119 p\u0119cherzyk\u00f3w p\u0142ucnych przed uszkodzeniem, co ma kluczowe znaczenie dla utrzymania wydajnej wymiany gazowej. <br\/><br\/><strong>Modulacja stanu zapalnego<\/strong>: <br\/>AAT ma r\u00f3wnie\u017c w\u0142a\u015bciwo\u015bci przeciwzapalne i mo\u017ce modulowa\u0107 reakcje immunologiczne, potencjalnie wp\u0142ywaj\u0105c na r\u00f3\u017cne stany zapalne, wykraczaj\u0105ce poza sam\u0105 ochron\u0119 p\u0142uc.<\/p>\n\n<p><strong>Struktura<\/strong>: <br\/>AAT jest <a href=\"https:\/\/en.wikipedia.org\/wiki\/Glycoprotein\">glikoprotein\u0105<\/a>, co oznacza, \u017ce posiada grupy w\u0119glowodanowe, kt\u00f3re mog\u0105 wp\u0142ywa\u0107 na jej funkcj\u0119, stabilno\u015b\u0107 i spos\u00f3b przetwarzania w organizmie.<\/p>\n\n<p>Kliknij <a href=\"https:\/\/alpha1mz.org\/pl\/\" data-type=\"&#x201E;page&#x201D;\" data-id=\"&#x201E;7&#x201D;\">tutaj<\/a>, aby uzyska\u0107 bardziej szczeg\u00f3\u0142owe informacje na temat tego wa\u017cnego bia\u0142ka i skutk\u00f3w niedoboru alfa-1 antytrypsyny.<br\/><br\/>Strona przet\u0142umaczona przez DeepL<\/p>\n\n<p><\/p>\n\n<h2 class=\"wp-block-heading has-text-align-center\">Twoja darowizna mo\u017ce pom\u00f3c zmieni\u0107 \u017cycie innych ludzi.<\/h2>\n\n<div style=\"--givewp-primary-color: #69b86b;\" class=\"givewp-campaign-donate-button-block wp-block-givewp-campaign-donate-button\">\n    <button type=\"button\" class=\"givewp-donation-form-modal__open\">Przeka\u017c darowizn\u0119<\/button><\/div>\n\n<p><\/p>\n","protected":false},"excerpt":{"rendered":"<p>Alfa-1 antytrypsyna (AAT) to bia\u0142ko wytwarzane g\u0142\u00f3wnie w w\u0105trobie i uwalniane do krwiobiegu, kt\u00f3re pomaga chroni\u0107 p\u0142uca. Przyjrzyjmy si\u0119 bli\u017cej jego funkcjom i znaczeniu: Funkcja:Inhibitor proteazy: Podstawow\u0105 rol\u0105 AAT jest hamowanie aktywno\u015bci proteaz, zw\u0142aszcza elastazy neutrofilowej, kt\u00f3ra jest enzymem rozk\u0142adaj\u0105cym elastyn\u0119 w tkance p\u0142ucnej. Elastyna jest bia\u0142kiem zapewniaj\u0105cym elastyczno\u015b\u0107 tkankom, takim jak p\u0142uca i sk\u00f3ra. [&hellip;]<\/p>\n","protected":false},"author":1,"featured_media":0,"parent":1078,"menu_order":0,"comment_status":"closed","ping_status":"closed","template":"","meta":{"give_campaign_id":0,"footnotes":""},"class_list":["post-1149","page","type-page","status-publish","hentry"],"campaignId":"","_links":{"self":[{"href":"https:\/\/alpha1mz.org\/pl\/wp-json\/wp\/v2\/pages\/1149","targetHints":{"allow":["GET"]}}],"collection":[{"href":"https:\/\/alpha1mz.org\/pl\/wp-json\/wp\/v2\/pages"}],"about":[{"href":"https:\/\/alpha1mz.org\/pl\/wp-json\/wp\/v2\/types\/page"}],"author":[{"embeddable":true,"href":"https:\/\/alpha1mz.org\/pl\/wp-json\/wp\/v2\/users\/1"}],"replies":[{"embeddable":true,"href":"https:\/\/alpha1mz.org\/pl\/wp-json\/wp\/v2\/comments?post=1149"}],"version-history":[{"count":1,"href":"https:\/\/alpha1mz.org\/pl\/wp-json\/wp\/v2\/pages\/1149\/revisions"}],"predecessor-version":[{"id":1150,"href":"https:\/\/alpha1mz.org\/pl\/wp-json\/wp\/v2\/pages\/1149\/revisions\/1150"}],"up":[{"embeddable":true,"href":"https:\/\/alpha1mz.org\/pl\/wp-json\/wp\/v2\/pages\/1078"}],"wp:attachment":[{"href":"https:\/\/alpha1mz.org\/pl\/wp-json\/wp\/v2\/media?parent=1149"}],"curies":[{"name":"wp","href":"https:\/\/api.w.org\/{rel}","templated":true}]}}