{"id":1147,"date":"2025-02-08T11:56:44","date_gmt":"2025-02-08T11:56:44","guid":{"rendered":"https:\/\/alpha1mz.org\/informacje-dla-pacjenta\/alpha-1-mz-na-swiecie\/"},"modified":"2025-11-20T10:32:37","modified_gmt":"2025-11-20T10:32:37","slug":"alpha-1-mz-na-swiecie","status":"publish","type":"page","link":"https:\/\/alpha1mz.org\/pl\/informacje-dla-pacjenta\/alpha-1-mz-na-swiecie\/","title":{"rendered":"Alpha-1 MZ na \u015bwiecie"},"content":{"rendered":"\n<figure class=\"wp-block-image aligncenter size-full is-resized\"><img loading=\"lazy\" decoding=\"async\" width=\"1024\" height=\"1024\" src=\"https:\/\/alpha1mz.org\/wp-content\/uploads\/2025\/02\/world-globe_edited.png\" alt=\"\" class=\"wp-image-566\" style=\"width:357px;height:auto\" srcset=\"https:\/\/alpha1mz.org\/wp-content\/uploads\/2025\/02\/world-globe_edited.png 1024w, https:\/\/alpha1mz.org\/wp-content\/uploads\/2025\/02\/world-globe_edited-300x300.png 300w, https:\/\/alpha1mz.org\/wp-content\/uploads\/2025\/02\/world-globe_edited-150x150.png 150w, https:\/\/alpha1mz.org\/wp-content\/uploads\/2025\/02\/world-globe_edited-768x768.png 768w\" sizes=\"auto, (max-width: 1024px) 100vw, 1024px\" \/><\/figure>\n\n<p>Wed\u0142ug raportu (fragment poni\u017cej) na \u015bwiecie \u017cyje ponad 35 milion\u00f3w os\u00f3b z genem Alpha-1 MZ. Poniewa\u017c b\u0142\u0105d DNA \u201eZ\u201d pochodzi od Wiking\u00f3w ze Skandynawii, najwy\u017csz\u0105 cz\u0119sto\u015b\u0107 wyst\u0119powania obserwuje si\u0119 w Europie i niekt\u00f3rych cz\u0119\u015bciach \u015bwiata w wyniku migracji Europejczyk\u00f3w.<\/p>\n\n<figure class=\"wp-block-image size-full\"><img loading=\"lazy\" decoding=\"async\" width=\"465\" height=\"305\" src=\"https:\/\/alpha1mz.org\/wp-content\/uploads\/2025\/02\/Viking-routes.jpg\" alt=\"\" class=\"wp-image-564\" srcset=\"https:\/\/alpha1mz.org\/wp-content\/uploads\/2025\/02\/Viking-routes.jpg 465w, https:\/\/alpha1mz.org\/wp-content\/uploads\/2025\/02\/Viking-routes-300x197.jpg 300w\" sizes=\"auto, (max-width: 465px) 100vw, 465px\" \/><\/figure>\n\n<p><br\/>Chocia\u017c nie jest mo\u017cliwe podanie dok\u0142adnej liczby, niniejszy raport zawiera bardzo cenne informacje. <br\/><br\/>Wyniki badania ujawniaj\u0105 imponuj\u0105c\u0105 liczb\u0119 ponad 35 milion\u00f3w os\u00f3b z pokolenia MZ w 74 krajach na ca\u0142ym \u015bwiecie, dla kt\u00f3rych dost\u0119pne s\u0105 dane. Siedemdziesi\u0105t pi\u0119\u0107 procent z nich to osoby pochodzenia kaukaskiego, mieszkaj\u0105ce g\u0142\u00f3wnie w Europie, Ameryce, Australii i Nowej Zelandii. Dwadzie\u015bcia procent pozosta\u0142ych MZ mieszka w Azji, a najwi\u0119ksze skupiska wyst\u0119puj\u0105 na Bliskim Wschodzie oraz we wschodniej, po\u0142udniowej i po\u0142udniowo-wschodniej cz\u0119\u015bci kontynentu azjatyckiego. Pozosta\u0142e pi\u0119\u0107 procent to Afrykanie mieszkaj\u0105cy w Afryce Zachodniej i Wschodniej. <br\/><br\/>Wcze\u015bniejsze badania wykaza\u0142y, \u017ce w\u015br\u00f3d pacjent\u00f3w z rozpoznaniem POChP cz\u0119sto\u015b\u0107 wyst\u0119powania genotypu PiMZ wynosi od 1% do 22%. Zgodnie z tymi warto\u015bciami procentowymi penetracji genetycznej, nawet jedna pi\u0105ta z szacowanych 35 milion\u00f3w nosicieli MZ z 74 wybranych kraj\u00f3w (tj. oko\u0142o 7 milion\u00f3w) zachoruje na POChP. <br\/><br\/>\u200b<strong>Wniosek z tego badania jest nast\u0119puj\u0105cy:<\/strong><br\/>Istnieje imponuj\u0105ca liczba nosicieli MZ (od 2% do 4% populacji pochodzenia europejskiego) mieszkaj\u0105cych w Europie, Ameryce, Australii i Nowej Zelandii, a tak\u017ce mniejsza, ale nie bez znaczenia liczba w innych krajach Afryki, Azji oraz Ameryki \u015arodkowej i Po\u0142udniowej, gdzie opr\u00f3cz palenia tytoniu, zanieczyszczenie powietrza w pomieszczeniach, na zewn\u0105trz i zanieczyszczenie przemys\u0142owe mog\u0105 odgrywa\u0107 wa\u017cn\u0105 rol\u0119 w rozwoju POChP. <br\/><br\/>Mechanizmy biologiczne le\u017c\u0105ce u podstaw zwi\u0119kszonego ryzyka w\u015br\u00f3d os\u00f3b z genotypem MZ s\u0105 znane tylko cz\u0119\u015bciowo, dlatego potrzebne s\u0105 dalsze badania, aby pozna\u0107 wp\u0142yw defektu genetycznego i czynnik\u00f3w egzogennych, \u0142\u0105cznie i osobno, na rozw\u00f3j POChP u nosicieli genotypu MZ, aby pozna\u0107 dok\u0142adne ryzyko zwi\u0105zane z tym genotypem. <br\/>Kliknij <a href=\"https:\/\/alpha1mz.org\/wp-content\/uploads\/2025\/02\/Prevalence-of-PiMZ-1.pdf\">tutaj<\/a>, aby przeczyta\u0107 publikacj\u0119 \u201eSzacowana cz\u0119sto\u015b\u0107 wyst\u0119powania i liczba genotyp\u00f3w PiMZ alfa-1 antytrypsyny w siedemdziesi\u0119ciu czterech krajach na ca\u0142ym \u015bwiecie\u201d.<br\/><br\/>Strona przet\u0142umaczona przez DeepL<\/p>\n\n<p><\/p>\n\n<h2 class=\"wp-block-heading has-text-align-center\">Twoja darowizna mo\u017ce pom\u00f3c zmieni\u0107 \u017cycie!<\/h2>\n\n<div style=\"--givewp-primary-color: #69b86b;\" class=\"givewp-campaign-donate-button-block wp-block-givewp-campaign-donate-button\">\n    <button type=\"button\" class=\"givewp-donation-form-modal__open\">Przeka\u017c darowizn\u0119<\/button><\/div>\n\n<p>.<\/p>\n","protected":false},"excerpt":{"rendered":"<p>Wed\u0142ug raportu (fragment poni\u017cej) na \u015bwiecie \u017cyje ponad 35 milion\u00f3w os\u00f3b z genem Alpha-1 MZ. Poniewa\u017c b\u0142\u0105d DNA \u201eZ\u201d pochodzi od Wiking\u00f3w ze Skandynawii, najwy\u017csz\u0105 cz\u0119sto\u015b\u0107 wyst\u0119powania obserwuje si\u0119 w Europie i niekt\u00f3rych cz\u0119\u015bciach \u015bwiata w wyniku migracji Europejczyk\u00f3w. Chocia\u017c nie jest mo\u017cliwe podanie dok\u0142adnej liczby, niniejszy raport zawiera bardzo cenne informacje. Wyniki badania ujawniaj\u0105 [&hellip;]<\/p>\n","protected":false},"author":1,"featured_media":0,"parent":1078,"menu_order":0,"comment_status":"closed","ping_status":"closed","template":"","meta":{"give_campaign_id":0,"footnotes":""},"class_list":["post-1147","page","type-page","status-publish","hentry"],"campaignId":"","_links":{"self":[{"href":"https:\/\/alpha1mz.org\/pl\/wp-json\/wp\/v2\/pages\/1147","targetHints":{"allow":["GET"]}}],"collection":[{"href":"https:\/\/alpha1mz.org\/pl\/wp-json\/wp\/v2\/pages"}],"about":[{"href":"https:\/\/alpha1mz.org\/pl\/wp-json\/wp\/v2\/types\/page"}],"author":[{"embeddable":true,"href":"https:\/\/alpha1mz.org\/pl\/wp-json\/wp\/v2\/users\/1"}],"replies":[{"embeddable":true,"href":"https:\/\/alpha1mz.org\/pl\/wp-json\/wp\/v2\/comments?post=1147"}],"version-history":[{"count":1,"href":"https:\/\/alpha1mz.org\/pl\/wp-json\/wp\/v2\/pages\/1147\/revisions"}],"predecessor-version":[{"id":1148,"href":"https:\/\/alpha1mz.org\/pl\/wp-json\/wp\/v2\/pages\/1147\/revisions\/1148"}],"up":[{"embeddable":true,"href":"https:\/\/alpha1mz.org\/pl\/wp-json\/wp\/v2\/pages\/1078"}],"wp:attachment":[{"href":"https:\/\/alpha1mz.org\/pl\/wp-json\/wp\/v2\/media?parent=1147"}],"curies":[{"name":"wp","href":"https:\/\/api.w.org\/{rel}","templated":true}]}}