{"id":1139,"date":"2025-02-08T11:56:10","date_gmt":"2025-02-08T11:56:10","guid":{"rendered":"https:\/\/alpha1mz.org\/informacje-dla-pacjenta\/a1-mz-typowe-objawy\/"},"modified":"2025-11-20T10:28:37","modified_gmt":"2025-11-20T10:28:37","slug":"a1-mz-typowe-objawy","status":"publish","type":"page","link":"https:\/\/alpha1mz.org\/pl\/informacje-dla-pacjenta\/a1-mz-typowe-objawy\/","title":{"rendered":"A1 MZ Typowe objawy"},"content":{"rendered":"\n<p>Objawy wyst\u0119puj\u0105ce u os\u00f3b z genotypem Alpha-1 MZ s\u0105 zwi\u0105zane z oko\u0142o 50% ni\u017cszym poziomem alfa-1 antytrypsyny w organizmie oraz faktem, \u017ce 50% alfa-1 antytrypsyny \u201eutknie\u201d w w\u0105trobie, co powoduje problemy z w\u0105trob\u0105 i trawieniem. <br\/><br\/>W grupie Alpha-1 MZ rozpocz\u0119li\u015bmy badanie korelacyjne, aby uzyska\u0107 lepszy obraz najcz\u0119stszych problem\u00f3w zdrowotnych\/objaw\u00f3w (uwaga: poniewa\u017c problemy z p\u0142ucami s\u0105 dobrze znane, nie zosta\u0142y one uwzgl\u0119dnione w tym badaniu).<br\/>W najbli\u017cszej przysz\u0142o\u015bci badanie to zostanie rozszerzone na wi\u0119ksz\u0105 grup\u0119.<\/p>\n\n<figure class=\"wp-block-image aligncenter size-large is-resized\"><img loading=\"lazy\" decoding=\"async\" width=\"627\" height=\"1024\" src=\"https:\/\/alpha1mz.org\/wp-content\/uploads\/2025\/02\/symptoms-4931625_1280-627x1024.png\" alt=\"\" class=\"wp-image-509\" style=\"width:450px;height:auto\" srcset=\"https:\/\/alpha1mz.org\/wp-content\/uploads\/2025\/02\/symptoms-4931625_1280-627x1024.png 627w, https:\/\/alpha1mz.org\/wp-content\/uploads\/2025\/02\/symptoms-4931625_1280-184x300.png 184w, https:\/\/alpha1mz.org\/wp-content\/uploads\/2025\/02\/symptoms-4931625_1280-768x1254.png 768w, https:\/\/alpha1mz.org\/wp-content\/uploads\/2025\/02\/symptoms-4931625_1280.png 784w\" sizes=\"auto, (max-width: 627px) 100vw, 627px\" \/><\/figure>\n\n<p><br\/>Dominuj\u0105ce schorzenia w niewielkiej grupie os\u00f3b w wieku MZ:<br\/><\/p>\n\n<ul class=\"wp-block-list\">\n<li>Niedob\u00f3r witaminy B12, prowadz\u0105cy do r\u00f3\u017cnych rodzaj\u00f3w neuropatii<\/li>\n\n\n\n<li>Niedob\u00f3r witaminy D25<\/li>\n\n\n\n<li>Niedob\u00f3r \u017celaza (niekt\u00f3rzy na kropl\u00f3wkach)<\/li>\n\n\n\n<li>Przerywany b\u00f3l w okolicy w\u0105troby<\/li>\n\n\n\n<li>Jasny kolor stolca, wzd\u0119cia i flatulencja<\/li>\n\n\n\n<li>Akceptowane s\u0105 wy\u0142\u0105cznie \u0142atwo przyswajalne pokarmy.<\/li>\n\n\n\n<li>Problemy z utrzymaniem ciep\u0142a cia\u0142a<\/li>\n\n\n\n<li>Niski poziom glukozy<\/li>\n\n\n\n<li>Nadci\u015bnienie t\u0119tnicze<\/li>\n\n\n\n<li>B\u00f3l staw\u00f3w (tkanki \u0142\u0105czne i zapalenie staw\u00f3w)<\/li>\n\n\n\n<li>Nie toleruje lek\u00f3w takich jak NLPZ i\/lub innych lek\u00f3w.<\/li>\n\n\n\n<li>Wi\u0119cej chor\u00f3b w dzieci\u0144stwie zwi\u0105zanych z p\u0142ucami<\/li>\n\n\n\n<li>Wspomniano r\u00f3wnie\u017c o potrzebie zwi\u0119kszenia spo\u017cycia soli (wymaga dalszych bada\u0144).<\/li>\n\n\n\n<li>Os\u0142abiona odpowied\u017a immunologiczna, w tym niedob\u00f3r trombocyt\u00f3w \/ limfocyt\u00f3w<\/li>\n\n\n\n<li>Problemy sk\u00f3rne, takie jak egzema lub \u0142uszczyca<\/li>\n\n\n\n<li>Problemy zwi\u0105zane z p\u0142ucami, takie jak rozedma p\u0142uc i rozstrzenie oskrzeli<\/li>\n\n\n\n<li>Problemy zwi\u0105zane z w\u0105trob\u0105, st\u0142uszczenie w\u0105troby, zw\u0142\u00f3knienie w\u0105troby, marsko\u015b\u0107 w\u0105troby<\/li>\n\n\n\n<li>Problemy zwi\u0105zane z tkank\u0105 \u0142\u0105czn\u0105, takie jak \u015bci\u0119gna, pochewki \u015bci\u0119gien i wi\u0119zad\u0142a<\/li>\n\n\n\n<li>Problemy immunologiczne, takie jak zaburzenia autoimmunologiczne i zaburzenia odpowiedzi immunologicznej<\/li>\n\n\n\n<li>Kwestie zwi\u0105zane z dzia\u0142aniem przeciwzapalnym<\/li>\n\n\n\n<li>Problemy trawienne powoduj\u0105ce:<\/li>\n\n\n\n<li>B12 \/ problemy neurologiczne<\/li>\n\n\n\n<li>Problemy z wch\u0142anianiem wapnia i niski poziom witaminy D<\/li>\n\n\n\n<li>Niedob\u00f3r \u017celaza<\/li>\n\n\n\n<li>Problemy z trawieniem\/wch\u0142anianiem w jelicie cienkim, kt\u00f3re powoduj\u0105 r\u00f3\u017cne problemy zwi\u0105zane z niedoborem witamin i minera\u0142\u00f3w.&#13;\n&#13;\nStrona przet\u0142umaczona przez DeepL<\/li>\n<\/ul>\n\n<p class=\"is-style-default\"><\/p>\n\n<h2 class=\"wp-block-heading has-text-align-center\">Twoja darowizna mo\u017ce pom\u00f3c zmieni\u0107 \u017cycie!<\/h2>\n\n<div style=\"--givewp-primary-color: #69b86b;\" class=\"givewp-campaign-donate-button-block wp-block-givewp-campaign-donate-button\">\n    <button type=\"button\" class=\"givewp-donation-form-modal__open\">Przeka\u017c darowizn\u0119<\/button><\/div>\n\n<p><\/p>\n","protected":false},"excerpt":{"rendered":"<p>Objawy wyst\u0119puj\u0105ce u os\u00f3b z genotypem Alpha-1 MZ s\u0105 zwi\u0105zane z oko\u0142o 50% ni\u017cszym poziomem alfa-1 antytrypsyny w organizmie oraz faktem, \u017ce 50% alfa-1 antytrypsyny \u201eutknie\u201d w w\u0105trobie, co powoduje problemy z w\u0105trob\u0105 i trawieniem. W grupie Alpha-1 MZ rozpocz\u0119li\u015bmy badanie korelacyjne, aby uzyska\u0107 lepszy obraz najcz\u0119stszych problem\u00f3w zdrowotnych\/objaw\u00f3w (uwaga: poniewa\u017c problemy z p\u0142ucami s\u0105 [&hellip;]<\/p>\n","protected":false},"author":1,"featured_media":0,"parent":1078,"menu_order":0,"comment_status":"closed","ping_status":"closed","template":"","meta":{"give_campaign_id":0,"footnotes":""},"class_list":["post-1139","page","type-page","status-publish","hentry"],"campaignId":"","_links":{"self":[{"href":"https:\/\/alpha1mz.org\/pl\/wp-json\/wp\/v2\/pages\/1139","targetHints":{"allow":["GET"]}}],"collection":[{"href":"https:\/\/alpha1mz.org\/pl\/wp-json\/wp\/v2\/pages"}],"about":[{"href":"https:\/\/alpha1mz.org\/pl\/wp-json\/wp\/v2\/types\/page"}],"author":[{"embeddable":true,"href":"https:\/\/alpha1mz.org\/pl\/wp-json\/wp\/v2\/users\/1"}],"replies":[{"embeddable":true,"href":"https:\/\/alpha1mz.org\/pl\/wp-json\/wp\/v2\/comments?post=1139"}],"version-history":[{"count":1,"href":"https:\/\/alpha1mz.org\/pl\/wp-json\/wp\/v2\/pages\/1139\/revisions"}],"predecessor-version":[{"id":1140,"href":"https:\/\/alpha1mz.org\/pl\/wp-json\/wp\/v2\/pages\/1139\/revisions\/1140"}],"up":[{"embeddable":true,"href":"https:\/\/alpha1mz.org\/pl\/wp-json\/wp\/v2\/pages\/1078"}],"wp:attachment":[{"href":"https:\/\/alpha1mz.org\/pl\/wp-json\/wp\/v2\/media?parent=1139"}],"curies":[{"name":"wp","href":"https:\/\/api.w.org\/{rel}","templated":true}]}}