{"id":1123,"date":"2025-02-08T12:06:13","date_gmt":"2025-02-08T12:06:13","guid":{"rendered":"https:\/\/alpha1mz.org\/biuletyny\/"},"modified":"2025-11-20T10:12:16","modified_gmt":"2025-11-20T10:12:16","slug":"biuletyny","status":"publish","type":"page","link":"https:\/\/alpha1mz.org\/pl\/biuletyny\/","title":{"rendered":"Biuletyny"},"content":{"rendered":"\n<p>Na tej stronie mo\u017cna bezp\u0142atnie pobra\u0107 wszystkie nasze opublikowane biuletyny (w j\u0119zyku angielskim). Od lipca 2025 r. publikujemy nasze biuletyny za po\u015brednictwem serwisu <a href=\"https:\/\/alpha1mzfoundation.substack.com\" data-type=\"&#x201E;link&#x201D;\" data-id=\"&#x201E;https:\/\/alpha1mzfoundation.substack.com&#x201D;\">Substack<\/a>. Na naszej stronie Substack znajdziesz najnowsze biuletyny. Nie zapomnij si\u0119 zapisa\u0107.<\/p>\n\n<p><\/p>\n\n<h2 class=\"wp-block-heading has-text-align-center\">Twoja darowizna mo\u017ce pom\u00f3c zmieni\u0107 \u017cycie!<\/h2>\n\n<div style=\"--givewp-primary-color: #69b86b;\" class=\"givewp-campaign-donate-button-block wp-block-givewp-campaign-donate-button\">\n    <button type=\"button\" class=\"givewp-donation-form-modal__open\">Przeka\u017c darowizn\u0119<\/button><\/div>\n\n<figure class=\"wp-block-image aligncenter size-large is-resized\"><img loading=\"lazy\" decoding=\"async\" width=\"1024\" height=\"554\" src=\"https:\/\/alpha1mz.org\/wp-content\/uploads\/2025\/02\/image-3-1024x554.png\" alt=\"\" class=\"wp-image-404\" style=\"width:756px;height:auto\" srcset=\"https:\/\/alpha1mz.org\/wp-content\/uploads\/2025\/02\/image-3-1024x554.png 1024w, https:\/\/alpha1mz.org\/wp-content\/uploads\/2025\/02\/image-3-300x162.png 300w, https:\/\/alpha1mz.org\/wp-content\/uploads\/2025\/02\/image-3-768x416.png 768w, https:\/\/alpha1mz.org\/wp-content\/uploads\/2025\/02\/image-3.png 1280w\" sizes=\"auto, (max-width: 1024px) 100vw, 1024px\" \/><\/figure>\n\n<p><a href=\"https:\/\/alpha1mz.org\/wp-content\/uploads\/2025\/11\/202515112025_Newsletter.pdf\">Newsletter<\/a> 15 November, 2025: &#8222;Inflammation,\u202fLiver Health \u202f&amp; \u202fSmart Supplementation&#8221;<\/p>\n\n<p><a href=\"https:\/\/alpha1mz.org\/wp-content\/uploads\/2025\/11\/20251101_Part-3_Genetics-of-AATD.pdf\">Newsletter<\/a> 1 November, 2025: &#8222;The Genetics of Alpha-1:\u00a0One Mutation Is Not Like Another&#8221;<\/p>\n\n<p><a href=\"https:\/\/alpha1mz.org\/wp-content\/uploads\/2025\/11\/202525102025_Article-2_-The-Genetics-of-Alpha-1_-How-Variants-Shape-Disease-final.pdf\">Newsletter<\/a> 25 October, 2025: &#8222;The Genetics of Alpha-1: How Variants Shape Disease&#8221;<\/p>\n\n<p><a href=\"https:\/\/alpha1mz.org\/wp-content\/uploads\/2025\/10\/20251810_Beyond-the-Liver-and-Lungs.pdf\">Newsletter<\/a> 19 October, 2025: &#8222;Beyond the Liver and Lungs &#8211; The Forgotten Producers of Alpha-1 Antitrypsin (part 1)&#8221;<\/p>\n\n<p><a href=\"https:\/\/alpha1mz.org\/wp-content\/uploads\/2025\/10\/2025092609.pdf\">Newsletter <\/a>27 September, 2025: &#8222;Hyperferritinemia with Iron Deficiency in MZ Patients&#8221;<\/p>\n\n<p><a href=\"https:\/\/alpha1mz.org\/wp-content\/uploads\/2025\/09\/130925_newsletter_webinar.pdf\">Newsletter<\/a> 13 September, 2025: &#8222;Join our webinar on 8 October&#8221;<\/p>\n\n<p><a href=\"https:\/\/alpha1mz.org\/wp-content\/uploads\/2025\/09\/30082025_newsletter_Vitamin-D.pdf\">Newsletter<\/a> 30 August, 2025: &#8222;Vitamin D, Your Immune System, and Allergies in the MZ Population&#8221;<\/p>\n\n<p>Vitamin D:<a href=\"https:\/\/alpha1mz.org\/wp-content\/uploads\/2025\/08\/VitaminD_Appendix_patients-1.pdf\"> Appendix for patients<\/a><br\/><br\/>Vitamin D: <a href=\"https:\/\/alpha1mz.org\/wp-content\/uploads\/2025\/08\/VitaminD_Appendix-2-for-Physicians-1.pdf\">Appendix for physicians<\/a>.<\/p>\n\n<p><a href=\"https:\/\/alpha1mz.org\/wp-content\/uploads\/2025\/08\/23082025_newsletter_vitamind_calcium.pdf\">Newsletter<\/a> 23 August, 2025: &#8222;Impaired Calcium Absorption and Vitamin D Deficiency&#8221;<\/p>\n\n<p><a href=\"https:\/\/alpha1mz.org\/wp-content\/uploads\/2025\/08\/160825_newsletter_functional-cholestasis.pdf\">Newsletter<\/a> 16 August, 2025: &#8222;Functional Cholestasis in Pi*MZ:<br\/>A Hidden but Defining Feature of the MZ Liver&#8221;<\/p>\n\n<p><a href=\"https:\/\/alpha1mz.org\/wp-content\/uploads\/2025\/08\/16082025_Physician-Addendum-functional-cholestasis.pdf\">Physician Addendum<\/a> to newsletter of 16 August, 2025.<\/p>\n\n<p><a href=\"https:\/\/alpha1mz.org\/wp-content\/uploads\/2025\/08\/090825_Alpha1_MZ_Newsletter.pdf\">Newsletter<\/a> 9 August, 2025: &#8222;Reduced liver capacity in MZ&#8217;s:<br\/>How the Recruitment-Secretory Block Reduces Liver Capacity Over Time&#8221;<\/p>\n\n<p><a href=\"https:\/\/alpha1mz.org\/wp-content\/uploads\/2025\/07\/26072025_HD_Patient_Summary_PiMZ_RSB.pdf\">Newsletter<\/a> 26 July, 2025: &#8222;A breakthrough in understanding the MZ Liver:<br\/>New research derived from the UK Biobank&#8221;<\/p>\n\n<p><a href=\"https:\/\/alpha1mz.org\/wp-content\/uploads\/2025\/07\/26072025_HD_Physician_Addendum_PiMZ_RSB.pdf\">Physician Addendum<\/a> to newsletter of 26 July, 2025.<\/p>\n\n<p><a href=\"https:\/\/alpha1mzfoundation.substack.com\/p\/elevated-serum-alkaline-phosphatase\">Newsletter<\/a> 5 July, 2025: &#8222;Elevated Serum Alkaline Phosphatase&#8221;<\/p>\n\n<p><a href=\"https:\/\/alpha1mzfoundation.substack.com\/p\/investigational-therapeutic-program\">Newsletter<\/a> 28 June, 2025: &#8222;New curative treatment for AATD in the pipeline.<\/p>\n\n<p><a href=\"https:\/\/alpha1mzfoundation.substack.com\/p\/the-fight-for-mz-recognition\">Newsletter<\/a> 4 June, 2025: &#8222;The Fight for MZ Recognition&#8221;<\/p>\n\n<p><a href=\"https:\/\/alpha1mz.org\/wp-content\/uploads\/2025\/05\/Newsletter-Alpha1-MZ-Foundation-24-May-2025.pdf\">Newsletter<\/a> 24 May, 2025: &#8222;Electrolyte disruption&#8221;<\/p>\n\n<p><a href=\"https:\/\/alpha1mz.org\/wp-content\/uploads\/2025\/05\/Newsletter-Alpha-1-MZ-Foundation-17-May-2025.pdf\">Newsletter<\/a> 17 May, 2025: &#8222;The Missing Link Between Alpha-1 Antitrypsin MZ<br\/>Genotype and Severe Rheumatoid Arthritis&#8221;<\/p>\n\n<p><a href=\"https:\/\/alpha1mz.org\/wp-content\/uploads\/2025\/05\/Newsletter-Alpha1-MZ-Foundation_6-May_2025.pdf\">Newsletter<\/a> 6 May, 2025: &#8222;Welcome, Dr. Fiona North to the Alpha1 MZ Foundation Team&#8221;<\/p>\n\n<p><a href=\"https:\/\/alpha1mz.org\/wp-content\/uploads\/2025\/05\/Newsletter-Alpha1-MZ-Foundation_CF_.pdf\">Newsletter<\/a> 26 April, 2025: &#8222;Cystic fibrosis (CF) heterozygote in the Alpha1 MZ population&#8221;<\/p>\n\n<p><a href=\"https:\/\/alpha1mz.org\/wp-content\/uploads\/2025\/05\/Newsletter-Alpha1-MZ-Foundation-April-19-1.pdf\">Newsletter<\/a> 19 April, 2025: &#8222;Retinal detachment in alpha-1 antitrypsin deficiency&#8221;<\/p>\n\n<p><a href=\"https:\/\/alpha1mz.org\/wp-content\/uploads\/2025\/05\/Newsletter-Alpha1-MZ-Foundation_12-April_2025_bronchitis.pdf\" data-type=\"link\" data-id=\"https:\/\/alpha1mz.org\/wp-content\/uploads\/2025\/05\/Newsletter-Alpha1-MZ-Foundation_12-April_2025_bronchitis.pdf\">Newsletter<\/a> 12 April, 2025: &#8222;iPaper about bronchitis in the Alpha1 MZ population&#8221;<\/p>\n\n<p><a href=\"https:\/\/alpha1mz.org\/wp-content\/uploads\/2025\/04\/Newsletter-Alpha1-MZ-Foundation_5_April_2025.pdf\" data-type=\"link\" data-id=\"https:\/\/alpha1mz.org\/wp-content\/uploads\/2025\/04\/Newsletter-Alpha1-MZ-Foundation_5_April_2025.pdf\">Newsletter<\/a> 5 April, 2025: &#8222;Why calcium matters for Alpha-1 MZ individuals&#8221;<\/p>\n\n<p><a href=\"https:\/\/alpha1mz.org\/wp-content\/uploads\/2025\/04\/Newsletter-Alpha1-MZ-Foundation29_Mar_2025.pdf\">Newsletter<\/a> 29 March, 2025: &#8222;Update on medication&#8221;<\/p>\n\n<p><a href=\"https:\/\/alpha1mz.org\/wp-content\/uploads\/2025\/04\/Newsletter-Alpha1-MZ-Foundation_22_Mar_25.pdf\">Newsletter<\/a> 22 March, 2025: &#8222;Gene editing&#8221;<\/p>\n\n<p><a href=\"https:\/\/alpha1mz.org\/?mailpoet_router&amp;endpoint=view_in_browser&amp;action=view&amp;data=WzExLCIzMzgyYjZkZTE5NjUiLDIsImVlZDIyMiIsOCwwXQ\">Newsletter<\/a> 8 March, 2025: &#8222;The role of vitamin E&#8221;<\/p>\n\n<p><a href=\"https:\/\/alpha1mz.org\/?mailpoet_router&amp;endpoint=view_in_browser&amp;action=view&amp;data=WzEwLCJkZGU3YTcwNjljNmUiLDIsImVlZDIyMiIsNywwXQ\">Newsletter<\/a> 1 March, 2025: &#8222;Vitamin B12 impact on the brain&#8221;<\/p>\n\n<p><a href=\"https:\/\/alpha1mz.org\/wp-content\/uploads\/2025\/02\/22-February.pdf\">Newsletter<\/a> 22 February 2025: &#8222;The silent struggle: alpha-1 antitrypsin deficiency MZ, ER stress and cholesterol balance&#8221;<\/p>\n\n<p><a href=\"https:\/\/alpha1mz.org\/wp-content\/uploads\/2025\/02\/Newsletter-Jan-18-2025.pdf\">Newsletter<\/a> 18 January 2025: &#8222;Increase of AAT using bioactive natural products&#8221;<\/p>\n\n<p><a href=\"https:\/\/alpha1mz.org\/wp-content\/uploads\/2025\/02\/Newsletter-Jan-11-2025.pdf\">Newsletter<\/a> 11 January 2025: &#8222;How Alpha1 can lead to retinal detachment and blindness&#8221;<\/p>\n\n<p><a href=\"https:\/\/alpha1mz.org\/wp-content\/uploads\/2025\/02\/Newsletter-Jan-4-2025.pdf\">Newsletter<\/a> 4 January 2025: &#8222;Patient story example to get your liver back in a good healthy state&#8221;<\/p>\n\n<p><a href=\"https:\/\/alpha1mz.org\/wp-content\/uploads\/2025\/02\/Newsletter-Dec-14-2024.pdf\">Newsletter<\/a> 14 December 2024: &#8222;Alpha1 impact on serum iron status &amp; a bit of looking back over 2024&#8221;<\/p>\n\n<p><a href=\"https:\/\/alpha1mz.org\/wp-content\/uploads\/2025\/02\/Newsletter-Dec-7-2024.pdf\">Newsletter<\/a> 7 December 2024: &#8222;Alpha1 DNA testing by iGene&#8221;<\/p>\n\n<p><a href=\"https:\/\/alpha1mz.org\/wp-content\/uploads\/2025\/02\/Newsletter-Nov-30-2024.pdf\">Newsletter<\/a> 30 November 2024: &#8222;Reduced bile acid secretion effects on the biliary tract&#8221;<\/p>\n\n<p><a href=\"https:\/\/alpha1mz.org\/wp-content\/uploads\/2025\/02\/Newsletter-Nov-23-2024.pdf\">Newsletter<\/a> 23 November 2024: &#8222;Relationship between cholesterol levels and Alpha1&#8221;<\/p>\n\n<p><a href=\"https:\/\/alpha1mz.org\/wp-content\/uploads\/2025\/02\/Newsletter-Nov-16-2024.pdf\">Newsletter<\/a> 16 November 2024: &#8222;Alpha-1 antitrypsin deficiency impact on our immune system&#8221;<\/p>\n\n<p><a href=\"https:\/\/alpha1mz.org\/wp-content\/uploads\/2025\/02\/Newsletter-Nov-9-2024.pdf\">Newsletter<\/a> 9 November 2024: &#8222;Alpha1 MZ and type 2 diabetes&#8221;<\/p>\n\n<p><a href=\"https:\/\/alpha1mz.org\/wp-content\/uploads\/2025\/02\/Newsletter-Nov-2-2024.pdf\">Newsletter<\/a> 2 November 2024: &#8222;Alpha1 MZ liver and our Western diet&#8221;<\/p>\n\n<p><a href=\"https:\/\/alpha1mz.org\/wp-content\/uploads\/2025\/02\/Newsletter-Oct-26-2024.pdf\">Newsletter<\/a> 26 October 2024: &#8222;New board member; Wavelife Sciences tested RNA-editing on two humans&#8221;<\/p>\n\n<p><a href=\"https:\/\/alpha1mz.org\/wp-content\/uploads\/2025\/02\/Newsletter-Oct-19-2024.pdf\">Newsletter<\/a> 19 October 2024: &#8222;Morbidities Summary Alpha1 SZ&#8221;<\/p>\n\n<p><a href=\"https:\/\/alpha1mz.org\/wp-content\/uploads\/2025\/02\/Newsletter-Oct-5-2024.pdf\">Newsletter<\/a> 5 October 2024: &#8222;Alpha1 Netherlands, incl. the less known morbidities of Alpha1&#8221;<\/p>\n\n<p><a href=\"https:\/\/alpha1mz.org\/wp-content\/uploads\/2025\/02\/Newsletter-Sep-28-2024.pdf\">Newsletter<\/a> 28 September 2024: &#8222;Air pollution impact on Alpha1 MZ &amp; SZ patients (9\/11 New York)&#8221;<\/p>\n\n<p><a href=\"https:\/\/alpha1mz.org\/wp-content\/uploads\/2025\/02\/Newsletter-Sep-21-2024.pdf\">Newsletter<\/a> 21 September 2024: &#8222;Alpha-1 antitrypsin impact on coronavirus&#8221;<\/p>\n\n<p><a href=\"https:\/\/alpha1mz.org\/wp-content\/uploads\/2025\/02\/Newsletter-Sep-7-2024.pdf\">Newsletter<\/a> 14 September 2024: &#8222;Skin, Eczema, Panniculitis&#8221;<\/p>\n\n<p><a href=\"https:\/\/alpha1mz.org\/wp-content\/uploads\/2025\/02\/Newsletter-Sep-7-2024.pdf\">Newsletter<\/a> 7 September 2024: &#8222;MZ fatty liver explained&#8221;<\/p>\n\n<p><a href=\"https:\/\/alpha1mz.org\/wp-content\/uploads\/2025\/02\/Newsletter-Aug-31-2024-1.pdf\">Newsletter<\/a> 31 August 2024: &#8222;Pain Medication, NSAID impact on Alpha1 MZ liver&#8221;<\/p>\n\n<p><a href=\"https:\/\/alpha1mz.org\/wp-content\/uploads\/2025\/02\/Newsletter-Aug-24-2024-1.pdf\">Newsletter<\/a> 24 August 2024: &#8222;Mereo BioPharma Medication Alvelestat, inhibiting neutrophil elastase&#8221;<\/p>\n\n<p><a href=\"https:\/\/alpha1mz.org\/wp-content\/uploads\/2025\/02\/Newsletter-Aug-17-2024-1.pdf\">Newsletter<\/a> 17 August 2024: &#8222;Organization Update&#8221;<\/p>\n\n<p><a href=\"https:\/\/alpha1mz.org\/wp-content\/uploads\/2025\/02\/Newsletter-Aug-10-2024-1.pdf\">Newsletter<\/a> 10 August 2024: &#8222;Vit B12 Antibody &amp; Intellia Therapeutics&#8221;<\/p>\n\n<p><a href=\"https:\/\/alpha1mz.org\/wp-content\/uploads\/2025\/02\/Newsletter-Aug-3-2024-1.pdf\">Newsletter<\/a> 3 Augustus 2024: &#8222;The importance of Vitamin D for MZ&#8217;s&#8221;<\/p>\n\n<p><a href=\"https:\/\/alpha1mz.org\/wp-content\/uploads\/2025\/02\/Newsletter-Jul-27-2024.pdf\">Newsletter<\/a> 27 July 2024: &#8222;Summary of the Alpha1 MZ disease burden&#8221;<\/p>\n\n<p><a href=\"https:\/\/alpha1mz.org\/wp-content\/uploads\/2025\/02\/Newsletter-Jul-20-2024.pdf\">Newsletter<\/a> 20 July 2024: &#8222;Path to recognition of MZ&#8217;s&#8221;<\/p>\n\n<p><a href=\"https:\/\/alpha1mz.org\/wp-content\/uploads\/2025\/02\/Newsletter-Jul-13-2024.pdf\">Newsletter<\/a> 13 July 2024: &#8222;Organization and research update &amp; therapeutics&#8221;<\/p>\n\n<p><a href=\"https:\/\/alpha1mz.org\/wp-content\/uploads\/2025\/02\/Newsletter-Jul-6-2024.pdf\">Newsletter<\/a> 6 July 2024: &#8222;Beam Therapeutics, Autism, update on intermittent pain in the liver area&#8221;<\/p>\n\n<p><a href=\"https:\/\/alpha1mz.org\/wp-content\/uploads\/2025\/02\/Newsletter-Jun-29-2024.pdf\">Newsletter<\/a> 29 June 2024: &#8222;Intermittent pain in liver area&#8221;<\/p>\n\n<p><a href=\"https:\/\/alpha1mz.org\/wp-content\/uploads\/2025\/02\/Newsletter-Jun-22-2024.pdf\">Newsletter<\/a> 22 June 2024: &#8222;Alpha-1 in autoimmune diseases, roles and therapeutic prospects&#8221;<\/p>\n\n<p><a href=\"https:\/\/alpha1mz.org\/wp-content\/uploads\/2025\/02\/Newsletter-Jun-15-2024.pdf\">Newsletter<\/a> 15 June 2024: &#8222;DNA Editing therapeutics&#8221;<\/p>\n\n<p><a href=\"https:\/\/alpha1mz.org\/wp-content\/uploads\/2025\/02\/Newsletter-Jun-8-2024.pdf\">Newsletter<\/a> 8 June 2024: &#8222;RNA Editing therapeutics&#8221;<\/p>\n\n<p><a href=\"https:\/\/alpha1mz.org\/wp-content\/uploads\/2025\/02\/Newsletter-Jun-1-2024.pdf\">Newsletter<\/a> 1 June 2024: &#8222;RNAi therapeutics&#8221;<\/p>\n\n<p><a href=\"https:\/\/alpha1mz.org\/wp-content\/uploads\/2025\/02\/Newsletter-May-25-2024.pdf\">Newsletter<\/a> 25 May 2024: &#8222;Bile acid, intestine microbiome, balsamic vinegar&#8221;<\/p>\n\n<p><a href=\"https:\/\/alpha1mz.org\/wp-content\/uploads\/2025\/02\/Newsletter-May-18-2024.pdf\">Newsletter<\/a> 18 May 2024: &#8222;Genetic variation in autophagy function determines susceptibility to liver disease&#8221;<\/p>\n\n<p><a href=\"https:\/\/alpha1mz.org\/wp-content\/uploads\/2025\/02\/Newsletter-May-11-2024.pdf\">Newsletter<\/a> 11 May 2024: &#8222;Connective tissue &amp; blood vessels \/ aneurysm<\/p>\n\n<p><a href=\"https:\/\/alpha1mz.org\/wp-content\/uploads\/2025\/02\/Newsletter-May-04-2024.pdf\">Newsletter<\/a> 4 May 2024: &#8222;Organization update; nutrition and food&#8221;<\/p>\n\n<p><a href=\"https:\/\/alpha1mz.org\/wp-content\/uploads\/2025\/02\/Newsletter-Apr-27-2024-1.pdf\">Newsletter<\/a> 27 April 2024: &#8222;Chemotherapy and summary of past subjects&#8221;<\/p>\n\n<p><a href=\"https:\/\/alpha1mz.org\/wp-content\/uploads\/2025\/02\/Newsletter-Apr-20-2024-1.pdf\">Newsletter<\/a> 20 April 2024: &#8222;Fatty liver&#8221;<\/p>\n\n<p><a href=\"https:\/\/alpha1mz.org\/wp-content\/uploads\/2025\/02\/Newsletter-Apr-13-2024-1.pdf\">Newsletter<\/a> 13 April 2024: &#8222;Pregnancy, Cholestasis &amp; Preeclampsia&#8221;<\/p>\n\n<p><a href=\"https:\/\/alpha1mz.org\/wp-content\/uploads\/2025\/02\/Newsletter-Apr-6-2024-1.pdf\">Newsletter<\/a> 6 April 2024: &#8222;Alpha1 Antitrypsin reaction on inflammation incl Alpha1 MZ background inflammation&#8221;<\/p>\n\n<p><a href=\"https:\/\/alpha1mz.org\/wp-content\/uploads\/2025\/02\/Newsletter-Mar-30-2024.pdf\">Newsletter<\/a> 30 March 2024: &#8222;Research update and cholestasis during pregnancy&#8221;<\/p>\n\n<p><a href=\"https:\/\/alpha1mz.org\/wp-content\/uploads\/2025\/02\/Newsletter-Mar-23-2024.pdf\">Newsletter<\/a> 23 March 2024: &#8222;Biobank data and Serpina1 mutation variations&#8221;<\/p>\n\n<p><a href=\"https:\/\/alpha1mz.org\/wp-content\/uploads\/2025\/02\/Newsletter-Mar-16-2024.pdf\">Newsletter<\/a> 16 March 2024: &#8222;Research progress and liver damage difference between MZ and ZZ&#8221;<\/p>\n\n<p><a href=\"https:\/\/alpha1mz.org\/wp-content\/uploads\/2025\/02\/Newsletter-Mar-16-2024.pdf\">Newsletter<\/a> 9 March 2024: &#8222;Gut microbiota dysbiosis and MZ population worldwide&#8221;<\/p>\n\n<p><\/p>\n","protected":false},"excerpt":{"rendered":"<p>Na tej stronie mo\u017cna bezp\u0142atnie pobra\u0107 wszystkie nasze opublikowane biuletyny (w j\u0119zyku angielskim). Od lipca 2025 r. publikujemy nasze biuletyny za po\u015brednictwem serwisu Substack. Na naszej stronie Substack znajdziesz najnowsze biuletyny. Nie zapomnij si\u0119 zapisa\u0107. Twoja darowizna mo\u017ce pom\u00f3c zmieni\u0107 \u017cycie! Newsletter 15 November, 2025: &#8222;Inflammation,\u202fLiver Health \u202f&amp; \u202fSmart Supplementation&#8221; Newsletter 1 November, 2025: &#8222;The [&hellip;]<\/p>\n","protected":false},"author":1,"featured_media":0,"parent":0,"menu_order":0,"comment_status":"closed","ping_status":"closed","template":"wp-custom-template-template-alpha-1-mz","meta":{"give_campaign_id":0,"footnotes":""},"class_list":["post-1123","page","type-page","status-publish","hentry"],"campaignId":"","_links":{"self":[{"href":"https:\/\/alpha1mz.org\/pl\/wp-json\/wp\/v2\/pages\/1123","targetHints":{"allow":["GET"]}}],"collection":[{"href":"https:\/\/alpha1mz.org\/pl\/wp-json\/wp\/v2\/pages"}],"about":[{"href":"https:\/\/alpha1mz.org\/pl\/wp-json\/wp\/v2\/types\/page"}],"author":[{"embeddable":true,"href":"https:\/\/alpha1mz.org\/pl\/wp-json\/wp\/v2\/users\/1"}],"replies":[{"embeddable":true,"href":"https:\/\/alpha1mz.org\/pl\/wp-json\/wp\/v2\/comments?post=1123"}],"version-history":[{"count":1,"href":"https:\/\/alpha1mz.org\/pl\/wp-json\/wp\/v2\/pages\/1123\/revisions"}],"predecessor-version":[{"id":1124,"href":"https:\/\/alpha1mz.org\/pl\/wp-json\/wp\/v2\/pages\/1123\/revisions\/1124"}],"wp:attachment":[{"href":"https:\/\/alpha1mz.org\/pl\/wp-json\/wp\/v2\/media?parent=1123"}],"curies":[{"name":"wp","href":"https:\/\/api.w.org\/{rel}","templated":true}]}}