{"id":1120,"date":"2025-03-26T12:29:37","date_gmt":"2025-03-26T12:29:37","guid":{"rendered":"https:\/\/alpha1mz.org\/misja\/"},"modified":"2025-11-20T10:07:34","modified_gmt":"2025-11-20T10:07:34","slug":"misja","status":"publish","type":"page","link":"https:\/\/alpha1mz.org\/pl\/misja\/","title":{"rendered":"Misja"},"content":{"rendered":"\n<p>Nasz\u0105 misj\u0105 jest poszerzanie wiedzy na temat niedoboru alfa-1 antytrypsyny z genotypem MZ w\u015br\u00f3d pacjent\u00f3w i pracownik\u00f3w s\u0142u\u017cby zdrowia na ca\u0142ym \u015bwiecie. <br\/><br\/>Nasze ustalenia opieraj\u0105 si\u0119 na artyku\u0142ach naukowych i przypadkach klinicznych dotycz\u0105cych populacji os\u00f3b z genotypem Alpha-1 MZ.<br\/><br\/>Strona przet\u0142umaczona przez DeepL<\/p>\n\n<figure class=\"wp-block-image size-full\"><img loading=\"lazy\" decoding=\"async\" width=\"1024\" height=\"1024\" src=\"https:\/\/alpha1mz.org\/wp-content\/uploads\/2025\/02\/DNA-string-connecting-dots-with-an-arrow-hitting-the-target_edited.png\" alt=\"\" class=\"wp-image-146\" srcset=\"https:\/\/alpha1mz.org\/wp-content\/uploads\/2025\/02\/DNA-string-connecting-dots-with-an-arrow-hitting-the-target_edited.png 1024w, https:\/\/alpha1mz.org\/wp-content\/uploads\/2025\/02\/DNA-string-connecting-dots-with-an-arrow-hitting-the-target_edited-300x300.png 300w, https:\/\/alpha1mz.org\/wp-content\/uploads\/2025\/02\/DNA-string-connecting-dots-with-an-arrow-hitting-the-target_edited-150x150.png 150w, https:\/\/alpha1mz.org\/wp-content\/uploads\/2025\/02\/DNA-string-connecting-dots-with-an-arrow-hitting-the-target_edited-768x768.png 768w\" sizes=\"auto, (max-width: 1024px) 100vw, 1024px\" \/><\/figure>\n\n<h2 class=\"wp-block-heading has-text-align-center\">Twoja darowizna mo\u017ce pom\u00f3c zmieni\u0107 \u017cycie!<\/h2>\n\n<div style=\"--givewp-primary-color: #69b86b;\" class=\"givewp-campaign-donate-button-block wp-block-givewp-campaign-donate-button\">\n    <button type=\"button\" class=\"givewp-donation-form-modal__open\">Przeka\u017c darowizn\u0119<\/button><\/div>\n","protected":false},"excerpt":{"rendered":"<p>Nasz\u0105 misj\u0105 jest poszerzanie wiedzy na temat niedoboru alfa-1 antytrypsyny z genotypem MZ w\u015br\u00f3d pacjent\u00f3w i pracownik\u00f3w s\u0142u\u017cby zdrowia na ca\u0142ym \u015bwiecie. Nasze ustalenia opieraj\u0105 si\u0119 na artyku\u0142ach naukowych i przypadkach klinicznych dotycz\u0105cych populacji os\u00f3b z genotypem Alpha-1 MZ. Strona przet\u0142umaczona przez DeepL Twoja darowizna mo\u017ce pom\u00f3c zmieni\u0107 \u017cycie!<\/p>\n","protected":false},"author":2,"featured_media":0,"parent":0,"menu_order":0,"comment_status":"closed","ping_status":"closed","template":"","meta":{"give_campaign_id":0,"footnotes":""},"class_list":["post-1120","page","type-page","status-publish","hentry"],"campaignId":"","_links":{"self":[{"href":"https:\/\/alpha1mz.org\/pl\/wp-json\/wp\/v2\/pages\/1120","targetHints":{"allow":["GET"]}}],"collection":[{"href":"https:\/\/alpha1mz.org\/pl\/wp-json\/wp\/v2\/pages"}],"about":[{"href":"https:\/\/alpha1mz.org\/pl\/wp-json\/wp\/v2\/types\/page"}],"author":[{"embeddable":true,"href":"https:\/\/alpha1mz.org\/pl\/wp-json\/wp\/v2\/users\/2"}],"replies":[{"embeddable":true,"href":"https:\/\/alpha1mz.org\/pl\/wp-json\/wp\/v2\/comments?post=1120"}],"version-history":[{"count":1,"href":"https:\/\/alpha1mz.org\/pl\/wp-json\/wp\/v2\/pages\/1120\/revisions"}],"predecessor-version":[{"id":1121,"href":"https:\/\/alpha1mz.org\/pl\/wp-json\/wp\/v2\/pages\/1120\/revisions\/1121"}],"wp:attachment":[{"href":"https:\/\/alpha1mz.org\/pl\/wp-json\/wp\/v2\/media?parent=1120"}],"curies":[{"name":"wp","href":"https:\/\/api.w.org\/{rel}","templated":true}]}}