{"id":1115,"date":"2025-02-15T13:49:49","date_gmt":"2025-02-15T13:49:49","guid":{"rendered":"https:\/\/alpha1mz.org\/biblioteka\/"},"modified":"2025-11-20T10:04:15","modified_gmt":"2025-11-20T10:04:15","slug":"biblioteka","status":"publish","type":"page","link":"https:\/\/alpha1mz.org\/pl\/biblioteka\/","title":{"rendered":"Biblioteka"},"content":{"rendered":"\n<figure class=\"wp-block-image size-full\"><img loading=\"lazy\" decoding=\"async\" width=\"1024\" height=\"429\" src=\"https:\/\/alpha1mz.org\/wp-content\/uploads\/2025\/02\/book-shelf-with-medical-books-with-old-fashion-covers.jpg\" alt=\"\" class=\"wp-image-140\" srcset=\"https:\/\/alpha1mz.org\/wp-content\/uploads\/2025\/02\/book-shelf-with-medical-books-with-old-fashion-covers.jpg 1024w, https:\/\/alpha1mz.org\/wp-content\/uploads\/2025\/02\/book-shelf-with-medical-books-with-old-fashion-covers-300x126.jpg 300w, https:\/\/alpha1mz.org\/wp-content\/uploads\/2025\/02\/book-shelf-with-medical-books-with-old-fashion-covers-768x322.jpg 768w\" sizes=\"auto, (max-width: 1024px) 100vw, 1024px\" \/><\/figure>\n\n<p>Na tej stronie znajdziesz interesuj\u0105ce publikacje i streszczenia bada\u0144 dotycz\u0105ce niedoboru alfa-1 antytrypsyny i preparat\u00f3w MZ-Alpha.<\/p>\n\n<div data-wp-interactive=\"core\/file\" class=\"wp-block-file\"><object data-wp-bind--hidden=\"!state.hasPdfPreview\" hidden class=\"wp-block-file__embed\" data=\"https:\/\/alpha1mz.org\/wp-content\/uploads\/2025\/02\/Role-of-Neutrophils-in-Alpha-1-Antitrypsin-Deficiency-1.pdf\" type=\"application\/pdf\" style=\"width:100%;height:600px\" aria-label=\"Osadzone z Role of Neutrophils in Alpha-1 Antitrypsin Deficiency.\"><\/object><a id=\"wp-block-file--media-a0f42d7d-1ba7-46c5-9f08-5d0a25bc1ba8\" href=\"https:\/\/alpha1mz.org\/wp-content\/uploads\/2025\/02\/Role-of-Neutrophils-in-Alpha-1-Antitrypsin-Deficiency-1.pdf\">Role of Neutrophils in Alpha-1 Antitrypsin Deficiency<\/a><a href=\"https:\/\/alpha1mz.org\/wp-content\/uploads\/2025\/02\/Role-of-Neutrophils-in-Alpha-1-Antitrypsin-Deficiency-1.pdf\" class=\"wp-block-file__button wp-element-button\" download=\"\" aria-describedby=\"wp-block-file--media-a0f42d7d-1ba7-46c5-9f08-5d0a25bc1ba8\">Pobierz<\/a><\/div>\n\n<div data-wp-interactive=\"core\/file\" class=\"wp-block-file\"><object data-wp-bind--hidden=\"!state.hasPdfPreview\" hidden class=\"wp-block-file__embed\" data=\"https:\/\/alpha1mz.org\/wp-content\/uploads\/2025\/02\/The-Expanding-Scope-of-Alpha-1-Antitrypsin-Deficiency-1.pdf\" type=\"application\/pdf\" style=\"width:100%;height:600px\" aria-label=\"Osadzone z The Expanding Scope of Alpha 1 Antitrypsin Deficiency.\"><\/object><a id=\"wp-block-file--media-e7e23f13-0670-4da2-8618-c6446f8a2fc5\" href=\"https:\/\/alpha1mz.org\/wp-content\/uploads\/2025\/02\/The-Expanding-Scope-of-Alpha-1-Antitrypsin-Deficiency-1.pdf\">The Expanding Scope of Alpha 1 Antitrypsin Deficiency<\/a><a href=\"https:\/\/alpha1mz.org\/wp-content\/uploads\/2025\/02\/The-Expanding-Scope-of-Alpha-1-Antitrypsin-Deficiency-1.pdf\" class=\"wp-block-file__button wp-element-button\" download=\"\" aria-describedby=\"wp-block-file--media-e7e23f13-0670-4da2-8618-c6446f8a2fc5\">Pobierz<\/a><\/div>\n\n<div data-wp-interactive=\"core\/file\" class=\"wp-block-file\"><object data-wp-bind--hidden=\"!state.hasPdfPreview\" hidden class=\"wp-block-file__embed\" data=\"https:\/\/alpha1mz.org\/wp-content\/uploads\/2025\/02\/Unfolded-Protein-Response-_-Fatty-liver-1.pdf\" type=\"application\/pdf\" style=\"width:100%;height:600px\" aria-label=\"Osadzone z Unfolded Protein Response _ Fatty liver.\"><\/object><a id=\"wp-block-file--media-31a9d40c-110a-4eea-8fbb-82a646fa3814\" href=\"https:\/\/alpha1mz.org\/wp-content\/uploads\/2025\/02\/Unfolded-Protein-Response-_-Fatty-liver-1.pdf\">Unfolded Protein Response _ Fatty liver<\/a><a href=\"https:\/\/alpha1mz.org\/wp-content\/uploads\/2025\/02\/Unfolded-Protein-Response-_-Fatty-liver-1.pdf\" class=\"wp-block-file__button wp-element-button\" download=\"\" aria-describedby=\"wp-block-file--media-31a9d40c-110a-4eea-8fbb-82a646fa3814\">Pobierz<\/a><\/div>\n\n<div data-wp-interactive=\"core\/file\" class=\"wp-block-file\"><object data-wp-bind--hidden=\"!state.hasPdfPreview\" hidden class=\"wp-block-file__embed\" data=\"https:\/\/alpha1mz.org\/wp-content\/uploads\/2025\/02\/Prevalence-of-PiMZ-2.pdf\" type=\"application\/pdf\" style=\"width:100%;height:600px\" aria-label=\"Osadzone z Prevalence of PiMZ.\"><\/object><a id=\"wp-block-file--media-1677cfc2-0126-4588-8996-3ab32e35df49\" href=\"https:\/\/alpha1mz.org\/wp-content\/uploads\/2025\/02\/Prevalence-of-PiMZ-2.pdf\">Prevalence of PiMZ<\/a><a href=\"https:\/\/alpha1mz.org\/wp-content\/uploads\/2025\/02\/Prevalence-of-PiMZ-2.pdf\" class=\"wp-block-file__button wp-element-button\" download=\"\" aria-describedby=\"wp-block-file--media-1677cfc2-0126-4588-8996-3ab32e35df49\">Pobierz<\/a><\/div>\n\n<div data-wp-interactive=\"core\/file\" class=\"wp-block-file\"><object data-wp-bind--hidden=\"!state.hasPdfPreview\" hidden class=\"wp-block-file__embed\" data=\"https:\/\/alpha1mz.org\/wp-content\/uploads\/2025\/02\/PIZ-as-a-Risk-Factor-for-Cholestasis-of-Pregnancy-1.pdf\" type=\"application\/pdf\" style=\"width:100%;height:600px\" aria-label=\"Osadzone z PIZ as a Risk Factor for Cholestasis of Pregnancy.\"><\/object><a id=\"wp-block-file--media-aa91b488-521c-4e85-ac41-71135779eb6e\" href=\"https:\/\/alpha1mz.org\/wp-content\/uploads\/2025\/02\/PIZ-as-a-Risk-Factor-for-Cholestasis-of-Pregnancy-1.pdf\">PIZ as a Risk Factor for Cholestasis of Pregnancy<\/a><a href=\"https:\/\/alpha1mz.org\/wp-content\/uploads\/2025\/02\/PIZ-as-a-Risk-Factor-for-Cholestasis-of-Pregnancy-1.pdf\" class=\"wp-block-file__button wp-element-button\" download=\"\" aria-describedby=\"wp-block-file--media-aa91b488-521c-4e85-ac41-71135779eb6e\">Pobierz<\/a><\/div>\n\n<div data-wp-interactive=\"core\/file\" class=\"wp-block-file\"><object data-wp-bind--hidden=\"!state.hasPdfPreview\" hidden class=\"wp-block-file__embed\" data=\"https:\/\/alpha1mz.org\/wp-content\/uploads\/2025\/02\/Effects-of-Inflammation-on-AAT-Levels-2.pdf\" type=\"application\/pdf\" style=\"width:100%;height:600px\" aria-label=\"Osadzone z Effects of Inflammation on AAT Levels.\"><\/object><a id=\"wp-block-file--media-958717e2-e355-4960-b3cf-15516ca96804\" href=\"https:\/\/alpha1mz.org\/wp-content\/uploads\/2025\/02\/Effects-of-Inflammation-on-AAT-Levels-2.pdf\">Effects of Inflammation on AAT Levels<\/a><a href=\"https:\/\/alpha1mz.org\/wp-content\/uploads\/2025\/02\/Effects-of-Inflammation-on-AAT-Levels-2.pdf\" class=\"wp-block-file__button wp-element-button\" download=\"\" aria-describedby=\"wp-block-file--media-958717e2-e355-4960-b3cf-15516ca96804\">Pobierz<\/a><\/div>\n\n<h2 class=\"wp-block-heading has-text-align-center\">Twoja darowizna mo\u017ce pom\u00f3c zmieni\u0107 \u017cycie!<\/h2>\n\n<div style=\"--givewp-primary-color: #69b86b;\" class=\"givewp-campaign-donate-button-block wp-block-givewp-campaign-donate-button\">\n    <button type=\"button\" class=\"givewp-donation-form-modal__open\">Przeka\u017c darowizn\u0119<\/button><\/div>\n","protected":false},"excerpt":{"rendered":"<p>Na tej stronie znajdziesz interesuj\u0105ce publikacje i streszczenia bada\u0144 dotycz\u0105ce niedoboru alfa-1 antytrypsyny i preparat\u00f3w MZ-Alpha. Twoja darowizna mo\u017ce pom\u00f3c zmieni\u0107 \u017cycie!<\/p>\n","protected":false},"author":2,"featured_media":0,"parent":0,"menu_order":0,"comment_status":"closed","ping_status":"closed","template":"","meta":{"give_campaign_id":0,"footnotes":""},"class_list":["post-1115","page","type-page","status-publish","hentry"],"campaignId":"","_links":{"self":[{"href":"https:\/\/alpha1mz.org\/pl\/wp-json\/wp\/v2\/pages\/1115","targetHints":{"allow":["GET"]}}],"collection":[{"href":"https:\/\/alpha1mz.org\/pl\/wp-json\/wp\/v2\/pages"}],"about":[{"href":"https:\/\/alpha1mz.org\/pl\/wp-json\/wp\/v2\/types\/page"}],"author":[{"embeddable":true,"href":"https:\/\/alpha1mz.org\/pl\/wp-json\/wp\/v2\/users\/2"}],"replies":[{"embeddable":true,"href":"https:\/\/alpha1mz.org\/pl\/wp-json\/wp\/v2\/comments?post=1115"}],"version-history":[{"count":1,"href":"https:\/\/alpha1mz.org\/pl\/wp-json\/wp\/v2\/pages\/1115\/revisions"}],"predecessor-version":[{"id":1116,"href":"https:\/\/alpha1mz.org\/pl\/wp-json\/wp\/v2\/pages\/1115\/revisions\/1116"}],"wp:attachment":[{"href":"https:\/\/alpha1mz.org\/pl\/wp-json\/wp\/v2\/media?parent=1115"}],"curies":[{"name":"wp","href":"https:\/\/api.w.org\/{rel}","templated":true}]}}