{"id":1109,"date":"2025-06-27T15:18:09","date_gmt":"2025-06-27T15:18:09","guid":{"rendered":"https:\/\/alpha1mz.org\/najnowsze-wiadomosci\/"},"modified":"2025-11-20T10:02:29","modified_gmt":"2025-11-20T10:02:29","slug":"najnowsze-wiadomosci","status":"publish","type":"page","link":"https:\/\/alpha1mz.org\/pl\/najnowsze-wiadomosci\/","title":{"rendered":"Najnowsze wiadomo\u015bci"},"content":{"rendered":"\n<p>Na tej stronie znajdziesz najnowsze wiadomo\u015bci, linki do naszych biuletyn\u00f3w na Substack oraz inne interesuj\u0105ce publikacje.<\/p>\n\n<p>11 pa\u017adziernika 2025 r.<\/p>\n\n<h2 class=\"wp-block-heading\"><a href=\"https:\/\/alpha1mz.org\/videos-of-our-webinar\/\">Videos of our webinar<\/a><\/h2>\n\n<figure class=\"wp-block-image aligncenter size-large is-resized\"><img loading=\"lazy\" decoding=\"async\" width=\"1024\" height=\"1024\" src=\"https:\/\/alpha1mz.org\/wp-content\/uploads\/2025\/10\/generated_image-1-1024x1024.png\" alt=\"\" class=\"wp-image-850\" style=\"width:293px;height:auto\" srcset=\"https:\/\/alpha1mz.org\/wp-content\/uploads\/2025\/10\/generated_image-1-1024x1024.png 1024w, https:\/\/alpha1mz.org\/wp-content\/uploads\/2025\/10\/generated_image-1-300x300.png 300w, https:\/\/alpha1mz.org\/wp-content\/uploads\/2025\/10\/generated_image-1-150x150.png 150w, https:\/\/alpha1mz.org\/wp-content\/uploads\/2025\/10\/generated_image-1-768x768.png 768w, https:\/\/alpha1mz.org\/wp-content\/uploads\/2025\/10\/generated_image-1-1536x1536.png 1536w, https:\/\/alpha1mz.org\/wp-content\/uploads\/2025\/10\/generated_image-1-1320x1320.png 1320w, https:\/\/alpha1mz.org\/wp-content\/uploads\/2025\/10\/generated_image-1.png 2048w\" sizes=\"auto, (max-width: 1024px) 100vw, 1024px\" \/><\/figure>\n\n<p>Nasze webinarium, kt\u00f3re odby\u0142o si\u0119 w pa\u017adzierniku 2025 r., okaza\u0142o si\u0119 wielkim sukcesem i na szcz\u0119\u015bcie zosta\u0142o nagrane.<\/p>\n\n<p>Podzielili\u015bmy film na osobne cz\u0119\u015bci dla ka\u017cdego m\u00f3wcy, aby mo\u017cna je by\u0142o \u0142atwo znale\u017a\u0107 i obejrze\u0107 na naszym <a href=\"https:\/\/www.youtube.com\/@Alpha1MZFoundation\">kanale YouTube<\/a>.<\/p>\n\n<p>Kliknij <a href=\"https:\/\/youtu.be\/1DL9leW7Tow\">tutaj<\/a>, aby obejrze\u0107 pierwszy film, zawieraj\u0105cy wprowadzenie naszego za\u0142o\u017cyciela, Fransa Frielinka, oraz prezentacj\u0119 <strong>profesora Gerry&#8217;ego McElvany&#8217;ego<\/strong>, \u201cDelineating the risk of lung disease in MZ alpha-1 antitrypsin deficiency\u201d.<\/p>\n\n<p>Kliknij <a href=\"https:\/\/youtu.be\/AGdsQSlK4fs\">tutaj<\/a>, aby obejrze\u0107 drugi film, w kt\u00f3rym Frans Frielink dzieli si\u0119 swoimi spostrze\u017ceniami na temat powik\u0142a\u0144 zwi\u0105zanych z w\u0105trob\u0105 i mechanizm\u00f3w dzia\u0142ania Alpha-1 MZ.<\/p>\n\n<p>Kliknij <a href=\"https:\/\/youtu.be\/EFhC3KeSXJU\">tutaj<\/a>, aby obejrze\u0107 trzeci film z dr <strong>Laur\u0105 Bonebrake<\/strong>, ginekologiem-po\u0142o\u017cnikiem, kt\u00f3ra przedstawia kr\u00f3tki przegl\u0105d cholestazy wewn\u0105trzw\u0105trobowej w ci\u0105\u017cy (ICP).<\/p>\n\n<p>Kliknij <a href=\"https:\/\/youtu.be\/9UtjTyOsTSI\">tutaj<\/a>, aby obejrze\u0107 film 4: <br\/>Wyja\u015bnienie DNA alfa-1 przez Reinouda Doeschota oraz informacje na temat stosowania niekt\u00f3rych lek\u00f3w przez osoby z alfa-1 MZ.<\/p>\n\n<p>Kliknij <a href=\"https:\/\/youtu.be\/5z93KiSfl8c\">tutaj<\/a>, aby obejrze\u0107 film 5, w kt\u00f3rym <strong>Jenny Shoskes<\/strong>, doktor farmacji i dyrektor ds. globalnego rozwoju klinicznego w firmie BioMarin, przedstawia og\u00f3lny zarys programu Alpha 1 BMN 349.<\/p>\n\n<hr class=\"wp-block-separator has-alpha-channel-opacity\"\/>\n\n<p>15 sierpnia 2025 r.<\/p>\n\n<h2 class=\"wp-block-heading\">Zaproszenia do udzia\u0142u w badaniach jako\u015bciowych w ramach AATD<\/h2>\n\n<p>Istnieje mo\u017cliwo\u015b\u0107 udzia\u0142u w badaniach dotycz\u0105cych choroby w\u0105troby spowodowanej niedoborem alfa-1-antytrypsyny (AATD), kt\u00f3re obejmuj\u0105 zar\u00f3wno pacjent\u00f3w MZ, jak i ZZ.<\/p>\n\n<p>Global Perspectives i Evidera, firma zajmuj\u0105ca si\u0119 badaniami naukowymi, prowadz\u0105 badania na zlecenie firmy farmaceutycznej, aby pozna\u0107 opinie pacjent\u00f3w na temat choroby w\u0105troby spowodowanej AATD. <br\/><br\/><strong>Szczeg\u00f3\u0142y projektu<\/strong>:<\/p>\n\n<p>\u2022 Do dw\u00f3ch wywiad\u00f3w internetowych w ci\u0105gu 2\u20133 miesi\u0119cy<\/p>\n\n<p>\u2022 Wywiady trwaj\u0105ce 60 lub 90 minut<\/p>\n\n<p>\u2022 Wynagrodzenie finansowe za wype\u0142nienie ka\u017cdego kwestionariusza.<\/p>\n\n<p><strong>Aby kwalifikowa\u0107 si\u0119 do udzia\u0142u w badaniu, pacjenci musz\u0105<\/strong>:<\/p>\n\n<p>\u2022 Masz zdiagnozowan\u0105 chorob\u0119 w\u0105troby AATD<\/p>\n\n<p>\u2022 Mie\u0107 uko\u0144czone 18 lat<\/p>\n\n<p>\u2022 Wyrazi\u0107 \u015bwiadom\u0105 zgod\u0119 na udzia\u0142 w badaniu<br\/><\/p>\n\n<p>Nale\u017cy pami\u0119ta\u0107, \u017ce spe\u0142nienie tych wymaga\u0144 nie gwarantuje zakwalifikowania do badania. Je\u015bli s\u0105 Pa\u0144stwo zainteresowani uzyskaniem dodatkowych informacji na temat tego badania, prosimy o kontakt: <br\/><a href=\"mailto:marieta.reppa@global-perspectives.com\">marieta.reppa@global-perspectives.com<\/a><\/p>\n\n<hr class=\"wp-block-separator has-alpha-channel-opacity\"\/>\n\n<div style=\"height:28px\" aria-hidden=\"true\" class=\"wp-block-spacer\"><\/div>\n\n<p>27 czerwca 2025 r.<\/p>\n\n<h2 class=\"wp-block-heading\">Alpha1 MZ Foundation na Substack<\/h2>\n\n<p>Do tej pory wysy\u0142ali\u015bmy nasze cotygodniowe biuletyny za po\u015brednictwem us\u0142ugi poczty elektronicznej powi\u0105zanej z t\u0105 stron\u0105 internetow\u0105. W ci\u0105gu ostatnich kilku miesi\u0119cy zyskali\u015bmy tak wielu nowych subskrybent\u00f3w, \u017ce ta opcja przesta\u0142a by\u0107 wykonalna. Osi\u0105gn\u0119li\u015bmy liczb\u0119 <strong>500 subskrybent\u00f3w<\/strong>, co oznacza, \u017ce musieli\u015bmy poszuka\u0107 innych mo\u017cliwo\u015bci dystrybucji naszych biuletyn\u00f3w.<\/p>\n\n<p>Wszyscy uwa\u017cali\u015bmy, \u017ce Substack b\u0119dzie doskona\u0142ym wyborem, aby na bie\u017c\u0105co informowa\u0107 Pa\u0144stwa o najnowszych wydarzeniach dotycz\u0105cych populacji Alpha MZ.<\/p>\n\n<p>Od teraz nasz newsletter b\u0119dzie trafia\u0142 bezpo\u015brednio do Twojej skrzynki odbiorczej. Mo\u017cesz te\u017c zalogowa\u0107 si\u0119 na naszej stronie <a href=\"https:\/\/alpha1mzfoundation.substack.com\/\">Substack<\/a>, \u017ceby przeczyta\u0107 ca\u0142e archiwum i inne posty, gdy tylko si\u0119 pojawi\u0105. Posty s\u0105 w j\u0119zyku angielskim.<\/p>\n\n<p>Zapraszamy do subskrypcji naszych publikacji i polecania nas swoim znajomym, rodzinie i innym cz\u0142onkom Alpha.<\/p>\n","protected":false},"excerpt":{"rendered":"<p>Na tej stronie znajdziesz najnowsze wiadomo\u015bci, linki do naszych biuletyn\u00f3w na Substack oraz inne interesuj\u0105ce publikacje. 11 pa\u017adziernika 2025 r. Videos of our webinar Nasze webinarium, kt\u00f3re odby\u0142o si\u0119 w pa\u017adzierniku 2025 r., okaza\u0142o si\u0119 wielkim sukcesem i na szcz\u0119\u015bcie zosta\u0142o nagrane. Podzielili\u015bmy film na osobne cz\u0119\u015bci dla ka\u017cdego m\u00f3wcy, aby mo\u017cna je by\u0142o \u0142atwo [&hellip;]<\/p>\n","protected":false},"author":2,"featured_media":0,"parent":0,"menu_order":0,"comment_status":"closed","ping_status":"closed","template":"","meta":{"give_campaign_id":0,"footnotes":""},"class_list":["post-1109","page","type-page","status-publish","hentry"],"campaignId":"","_links":{"self":[{"href":"https:\/\/alpha1mz.org\/pl\/wp-json\/wp\/v2\/pages\/1109","targetHints":{"allow":["GET"]}}],"collection":[{"href":"https:\/\/alpha1mz.org\/pl\/wp-json\/wp\/v2\/pages"}],"about":[{"href":"https:\/\/alpha1mz.org\/pl\/wp-json\/wp\/v2\/types\/page"}],"author":[{"embeddable":true,"href":"https:\/\/alpha1mz.org\/pl\/wp-json\/wp\/v2\/users\/2"}],"replies":[{"embeddable":true,"href":"https:\/\/alpha1mz.org\/pl\/wp-json\/wp\/v2\/comments?post=1109"}],"version-history":[{"count":1,"href":"https:\/\/alpha1mz.org\/pl\/wp-json\/wp\/v2\/pages\/1109\/revisions"}],"predecessor-version":[{"id":1113,"href":"https:\/\/alpha1mz.org\/pl\/wp-json\/wp\/v2\/pages\/1109\/revisions\/1113"}],"wp:attachment":[{"href":"https:\/\/alpha1mz.org\/pl\/wp-json\/wp\/v2\/media?parent=1109"}],"curies":[{"name":"wp","href":"https:\/\/api.w.org\/{rel}","templated":true}]}}