{"id":1106,"date":"2025-02-08T12:05:41","date_gmt":"2025-02-08T12:05:41","guid":{"rendered":"https:\/\/alpha1mz.org\/o-nas\/kontakt\/"},"modified":"2025-11-20T09:54:45","modified_gmt":"2025-11-20T09:54:45","slug":"kontakt","status":"publish","type":"page","link":"https:\/\/alpha1mz.org\/pl\/o-nas\/kontakt\/","title":{"rendered":"Kontakt"},"content":{"rendered":"\n<figure class=\"wp-block-image aligncenter size-large is-resized\"><img loading=\"lazy\" decoding=\"async\" width=\"1024\" height=\"1024\" src=\"https:\/\/alpha1mz.org\/wp-content\/uploads\/2025\/02\/Logo-Alpha1-Foundation_edited-1-1024x1024.png\" alt=\"\" class=\"wp-image-246\" style=\"width:488px;height:auto\" srcset=\"https:\/\/alpha1mz.org\/wp-content\/uploads\/2025\/02\/Logo-Alpha1-Foundation_edited-1-1024x1024.png 1024w, https:\/\/alpha1mz.org\/wp-content\/uploads\/2025\/02\/Logo-Alpha1-Foundation_edited-1-300x300.png 300w, https:\/\/alpha1mz.org\/wp-content\/uploads\/2025\/02\/Logo-Alpha1-Foundation_edited-1-150x150.png 150w, https:\/\/alpha1mz.org\/wp-content\/uploads\/2025\/02\/Logo-Alpha1-Foundation_edited-1-768x768.png 768w, https:\/\/alpha1mz.org\/wp-content\/uploads\/2025\/02\/Logo-Alpha1-Foundation_edited-1-1536x1536.png 1536w, https:\/\/alpha1mz.org\/wp-content\/uploads\/2025\/02\/Logo-Alpha1-Foundation_edited-1-2048x2048.png 2048w, https:\/\/alpha1mz.org\/wp-content\/uploads\/2025\/02\/Logo-Alpha1-Foundation_edited-1-1320x1320.png 1320w\" sizes=\"auto, (max-width: 1024px) 100vw, 1024px\" \/><\/figure>\n\n<p><br\/><strong>Stichting Alpha1 MZ Foundation<\/strong> <br\/>E-mail: info [at] alpha1mz.org<br\/><br\/>Holenderska Izba Handlowa: 94402930<\/p>\n\n<p><\/p>\n\n<h2 class=\"wp-block-heading has-text-align-center\">Twoja darowizna mo\u017ce pom\u00f3c zmieni\u0107 \u017cycie!<\/h2>\n\n<div style=\"--givewp-primary-color: #69b86b;\" class=\"givewp-campaign-donate-button-block wp-block-givewp-campaign-donate-button\">\n    <button type=\"button\" class=\"givewp-donation-form-modal__open\">Przeka\u017c darowizn\u0119<\/button><\/div>\n","protected":false},"excerpt":{"rendered":"<p>Stichting Alpha1 MZ Foundation E-mail: info [at] alpha1mz.org Holenderska Izba Handlowa: 94402930 Twoja darowizna mo\u017ce pom\u00f3c zmieni\u0107 \u017cycie!<\/p>\n","protected":false},"author":1,"featured_media":0,"parent":1054,"menu_order":0,"comment_status":"closed","ping_status":"closed","template":"","meta":{"give_campaign_id":0,"footnotes":""},"class_list":["post-1106","page","type-page","status-publish","hentry"],"campaignId":"","_links":{"self":[{"href":"https:\/\/alpha1mz.org\/pl\/wp-json\/wp\/v2\/pages\/1106","targetHints":{"allow":["GET"]}}],"collection":[{"href":"https:\/\/alpha1mz.org\/pl\/wp-json\/wp\/v2\/pages"}],"about":[{"href":"https:\/\/alpha1mz.org\/pl\/wp-json\/wp\/v2\/types\/page"}],"author":[{"embeddable":true,"href":"https:\/\/alpha1mz.org\/pl\/wp-json\/wp\/v2\/users\/1"}],"replies":[{"embeddable":true,"href":"https:\/\/alpha1mz.org\/pl\/wp-json\/wp\/v2\/comments?post=1106"}],"version-history":[{"count":1,"href":"https:\/\/alpha1mz.org\/pl\/wp-json\/wp\/v2\/pages\/1106\/revisions"}],"predecessor-version":[{"id":1107,"href":"https:\/\/alpha1mz.org\/pl\/wp-json\/wp\/v2\/pages\/1106\/revisions\/1107"}],"up":[{"embeddable":true,"href":"https:\/\/alpha1mz.org\/pl\/wp-json\/wp\/v2\/pages\/1054"}],"wp:attachment":[{"href":"https:\/\/alpha1mz.org\/pl\/wp-json\/wp\/v2\/media?parent=1106"}],"curies":[{"name":"wp","href":"https:\/\/api.w.org\/{rel}","templated":true}]}}