{"id":1101,"date":"2025-02-08T11:58:41","date_gmt":"2025-02-08T11:58:41","guid":{"rendered":"https:\/\/alpha1mz.org\/a1-mz-tkanka-laczna\/a1-mz-skora\/"},"modified":"2025-11-20T09:52:56","modified_gmt":"2025-11-20T09:52:56","slug":"a1-mz-skora","status":"publish","type":"page","link":"https:\/\/alpha1mz.org\/pl\/a1-mz-tkanka-laczna\/a1-mz-skora\/","title":{"rendered":"A1 MZ Sk\u00f3ra"},"content":{"rendered":"\n<p>Niedob\u00f3r alfa-1-antytrypsyny (AAT) wp\u0142ywa przede wszystkim na p\u0142uca i w\u0105trob\u0119, ale mo\u017ce r\u00f3wnie\u017c powodowa\u0107 zmiany sk\u00f3rne, w szczeg\u00f3lno\u015bci prowadz\u0105ce do stanu zwanego zapaleniem tkanki podsk\u00f3rnej.<\/p>\n\n<p>Wp\u0142yw niedoboru alfa-1 antytrypsyny na sk\u00f3r\u0119:<br\/>1. Martwicze zapalenie tkanki podsk\u00f3rnej \u2013 rzadka, ale powa\u017cna choroba zapalna sk\u00f3ry:<br\/>\u2022 Bolesne czerwone guzki lub blaszki (cz\u0119sto na nogach, udach lub po\u015bladkach).<br\/>\u2022 Mog\u0105 ulega\u0107 owrzodzeniu, prowadz\u0105c do powstawania ran i blizn. <br\/>\u2022 Nasila si\u0119 w wyniku uraz\u00f3w lub ucisku na sk\u00f3r\u0119. <br\/>2. Zwi\u0119kszona podatno\u015b\u0107 na infekcje:<br\/>\u2022 Niedob\u00f3r AAT upo\u015bledza regulacj\u0119 immunologiczn\u0105, zwi\u0119kszaj\u0105c prawdopodobie\u0144stwo bakteryjnych i grzybiczych infekcji sk\u00f3ry.<br\/>\u2022 Op\u00f3\u017anione gojenie si\u0119 ran z powodu przewlek\u0142ego stanu zapalnego.<br\/>3. Przyspieszone starzenie si\u0119 sk\u00f3ry i rozpad elastyny:<br\/>\u2022 AAT chroni elastyn\u0119, kluczowe bia\u0142ko odpowiedzialne za elastyczno\u015b\u0107 sk\u00f3ry. <br\/>\u2022 Niedob\u00f3r mo\u017ce przyczynia\u0107 si\u0119 do przedwczesnego starzenia si\u0119 sk\u00f3ry, jej wiotczenia i utraty j\u0119drno\u015bci. <br\/>4. \u0141uszczyca i inne zapalne schorzenia sk\u00f3ry (rzadziej): <br\/>\u2022 Niekt\u00f3re badania sugeruj\u0105, \u017ce niedob\u00f3r AAT mo\u017ce by\u0107 powi\u0105zany z \u0142uszczyc\u0105 lub egzem\u0105, ale nie zosta\u0142o to w pe\u0142ni potwierdzone.<br\/><br\/>Strona przet\u0142umaczona przez DeepL.<\/p>\n\n<p><\/p>\n\n<h2 class=\"wp-block-heading has-text-align-center\">Twoja darowizna mo\u017ce pom\u00f3c zmieni\u0107 \u017cycie!<\/h2>\n\n<div style=\"--givewp-primary-color: #69b86b;\" class=\"givewp-campaign-donate-button-block wp-block-givewp-campaign-donate-button\">\n    <button type=\"button\" class=\"givewp-donation-form-modal__open\">Przeka\u017c darowizn\u0119<\/button><\/div>\n","protected":false},"excerpt":{"rendered":"<p>Niedob\u00f3r alfa-1-antytrypsyny (AAT) wp\u0142ywa przede wszystkim na p\u0142uca i w\u0105trob\u0119, ale mo\u017ce r\u00f3wnie\u017c powodowa\u0107 zmiany sk\u00f3rne, w szczeg\u00f3lno\u015bci prowadz\u0105ce do stanu zwanego zapaleniem tkanki podsk\u00f3rnej. Wp\u0142yw niedoboru alfa-1 antytrypsyny na sk\u00f3r\u0119:1. Martwicze zapalenie tkanki podsk\u00f3rnej \u2013 rzadka, ale powa\u017cna choroba zapalna sk\u00f3ry:\u2022 Bolesne czerwone guzki lub blaszki (cz\u0119sto na nogach, udach lub po\u015bladkach).\u2022 Mog\u0105 ulega\u0107 [&hellip;]<\/p>\n","protected":false},"author":1,"featured_media":0,"parent":1044,"menu_order":0,"comment_status":"closed","ping_status":"closed","template":"","meta":{"give_campaign_id":0,"footnotes":""},"class_list":["post-1101","page","type-page","status-publish","hentry"],"campaignId":"","_links":{"self":[{"href":"https:\/\/alpha1mz.org\/pl\/wp-json\/wp\/v2\/pages\/1101","targetHints":{"allow":["GET"]}}],"collection":[{"href":"https:\/\/alpha1mz.org\/pl\/wp-json\/wp\/v2\/pages"}],"about":[{"href":"https:\/\/alpha1mz.org\/pl\/wp-json\/wp\/v2\/types\/page"}],"author":[{"embeddable":true,"href":"https:\/\/alpha1mz.org\/pl\/wp-json\/wp\/v2\/users\/1"}],"replies":[{"embeddable":true,"href":"https:\/\/alpha1mz.org\/pl\/wp-json\/wp\/v2\/comments?post=1101"}],"version-history":[{"count":1,"href":"https:\/\/alpha1mz.org\/pl\/wp-json\/wp\/v2\/pages\/1101\/revisions"}],"predecessor-version":[{"id":1102,"href":"https:\/\/alpha1mz.org\/pl\/wp-json\/wp\/v2\/pages\/1101\/revisions\/1102"}],"up":[{"embeddable":true,"href":"https:\/\/alpha1mz.org\/pl\/wp-json\/wp\/v2\/pages\/1044"}],"wp:attachment":[{"href":"https:\/\/alpha1mz.org\/pl\/wp-json\/wp\/v2\/media?parent=1101"}],"curies":[{"name":"wp","href":"https:\/\/api.w.org\/{rel}","templated":true}]}}