{"id":1099,"date":"2025-02-08T11:59:43","date_gmt":"2025-02-08T11:59:43","guid":{"rendered":"https:\/\/alpha1mz.org\/a1-mz-tkanka-laczna\/a1-mz-ciaza\/"},"modified":"2025-11-20T09:51:37","modified_gmt":"2025-11-20T09:51:37","slug":"a1-mz-ciaza","status":"publish","type":"page","link":"https:\/\/alpha1mz.org\/pl\/a1-mz-tkanka-laczna\/a1-mz-ciaza\/","title":{"rendered":"A1 MZ Ci\u0105\u017ca"},"content":{"rendered":"\n<figure class=\"wp-block-image size-full is-resized\"><img loading=\"lazy\" decoding=\"async\" width=\"340\" height=\"340\" src=\"https:\/\/alpha1mz.org\/wp-content\/uploads\/2025\/02\/stork_edited.png\" alt=\"\" class=\"wp-image-374\" style=\"width:318px;height:auto\" srcset=\"https:\/\/alpha1mz.org\/wp-content\/uploads\/2025\/02\/stork_edited.png 340w, https:\/\/alpha1mz.org\/wp-content\/uploads\/2025\/02\/stork_edited-300x300.png 300w, https:\/\/alpha1mz.org\/wp-content\/uploads\/2025\/02\/stork_edited-150x150.png 150w\" sizes=\"auto, (max-width: 340px) 100vw, 340px\" \/><\/figure>\n\n<p>W tej sekcji przedstawiamy wi\u0119cej informacji na temat wp\u0142ywu genotypu MZ niedoboru alfa-1 antytrypsyny na ci\u0105\u017c\u0119. <br\/><br\/><strong>Drogi \u017c\u00f3\u0142ciowe<\/strong><br\/>Uwaga: Je\u015bli nie zapozna\u0142e\u015b si\u0119 jeszcze z informacjami na temat wp\u0142ywu genotypu Alpha1 MZ na drogi \u017c\u00f3\u0142ciowe, kliknij <a href=\"https:\/\/alpha1mz.org\/pl\/a1-mz-tkanka-laczna\/a1-mz-uklad-pokarmowy\/\" data-type=\"&#x201E;page&#x201D;\" data-id=\"&#x201E;50&#x201D;\">tutaj<\/a>.<br\/><br\/>Po pierwsze, <a href=\"https:\/\/en.wikipedia.org\/wiki\/Cholestasis\">cholestaza<\/a> (zmniejszony przep\u0142yw \u017c\u00f3\u0142ci) podczas ci\u0105\u017cy jest powszechna, a pacjentki z cholestaz\u0105 mog\u0105 do\u015bwiadcza\u0107 powik\u0142a\u0144, takich jak <a href=\"https:\/\/www.singhealth.com.sg\/patient-care\/conditions-treatments\/obstructive-jaundice\">\u017c\u00f3\u0142taczka obturacyjna, <\/a> <a href=\"https:\/\/www.hopkinsmedicine.org\/health\/conditions-and-diseases\/cholangitis#:~:text=What%20is%20cholangitis%3F,caused%20by%20a%20bacterial%20infection.\">zapalenie dr\u00f3g \u017c\u00f3\u0142ciowych<\/a> (zapalenie uk\u0142adu dr\u00f3g \u017c\u00f3\u0142ciowych) oraz <a href=\"https:\/\/www.hopkinsmedicine.org\/health\/conditions-and-diseases\/pancreatitis\">zapalenie trzustki<\/a> (zapalenie trzustki).<\/p>\n\n<p>W tej sekcji przedstawiamy wi\u0119cej informacji na temat wp\u0142ywu genotypu MZ niedoboru alfa-1 antytrypsyny na ci\u0105\u017c\u0119. <br\/><br\/><strong>Drogi \u017c\u00f3\u0142ciowe<\/strong><br\/>Uwaga: Je\u015bli nie zapozna\u0142e\u015b si\u0119 jeszcze z informacjami na temat wp\u0142ywu genotypu Alpha1 MZ na drogi \u017c\u00f3\u0142ciowe, kliknij <a href=\"https:\/\/alpha1mz.org\/pl\/a1-mz-tkanka-laczna\/a1-mz-uklad-pokarmowy\/\" data-type=\"&#x201E;page&#x201D;\" data-id=\"&#x201E;50&#x201D;\">tutaj<\/a>.<br\/><br\/>Po pierwsze, <a href=\"https:\/\/en.wikipedia.org\/wiki\/Cholestasis\">cholestaza<\/a> (zmniejszony przep\u0142yw \u017c\u00f3\u0142ci) podczas ci\u0105\u017cy jest powszechna, a pacjentki z cholestaz\u0105 mog\u0105 do\u015bwiadcza\u0107 powik\u0142a\u0144, takich jak <a href=\"https:\/\/www.singhealth.com.sg\/patient-care\/conditions-treatments\/obstructive-jaundice\">\u017c\u00f3\u0142taczka obturacyjna, <\/a> <a href=\"https:\/\/www.hopkinsmedicine.org\/health\/conditions-and-diseases\/cholangitis#:~:text=What%20is%20cholangitis%3F,caused%20by%20a%20bacterial%20infection.\">zapalenie dr\u00f3g \u017c\u00f3\u0142ciowych<\/a> (zapalenie uk\u0142adu dr\u00f3g \u017c\u00f3\u0142ciowych) oraz <a href=\"https:\/\/www.hopkinsmedicine.org\/health\/conditions-and-diseases\/pancreatitis\">zapalenie trzustki<\/a> (zapalenie trzustki).<br\/><br\/>Strona przet\u0142umaczona przez DeepL<\/p>\n\n<p><\/p>\n\n<h2 class=\"wp-block-heading has-text-align-center\">Twoja darowizna mo\u017ce pom\u00f3c zmieni\u0107 \u017cycie!<\/h2>\n\n<div style=\"--givewp-primary-color: #69b86b;\" class=\"givewp-campaign-donate-button-block wp-block-givewp-campaign-donate-button\">\n    <button type=\"button\" class=\"givewp-donation-form-modal__open\">Przeka\u017c darowizn\u0119<\/button><\/div>\n\n<p><br\/><br\/><\/p>\n","protected":false},"excerpt":{"rendered":"<p>W tej sekcji przedstawiamy wi\u0119cej informacji na temat wp\u0142ywu genotypu MZ niedoboru alfa-1 antytrypsyny na ci\u0105\u017c\u0119. Drogi \u017c\u00f3\u0142cioweUwaga: Je\u015bli nie zapozna\u0142e\u015b si\u0119 jeszcze z informacjami na temat wp\u0142ywu genotypu Alpha1 MZ na drogi \u017c\u00f3\u0142ciowe, kliknij tutaj. Po pierwsze, cholestaza (zmniejszony przep\u0142yw \u017c\u00f3\u0142ci) podczas ci\u0105\u017cy jest powszechna, a pacjentki z cholestaz\u0105 mog\u0105 do\u015bwiadcza\u0107 powik\u0142a\u0144, takich jak [&hellip;]<\/p>\n","protected":false},"author":1,"featured_media":0,"parent":1044,"menu_order":0,"comment_status":"closed","ping_status":"closed","template":"","meta":{"give_campaign_id":0,"footnotes":""},"class_list":["post-1099","page","type-page","status-publish","hentry"],"campaignId":"","_links":{"self":[{"href":"https:\/\/alpha1mz.org\/pl\/wp-json\/wp\/v2\/pages\/1099","targetHints":{"allow":["GET"]}}],"collection":[{"href":"https:\/\/alpha1mz.org\/pl\/wp-json\/wp\/v2\/pages"}],"about":[{"href":"https:\/\/alpha1mz.org\/pl\/wp-json\/wp\/v2\/types\/page"}],"author":[{"embeddable":true,"href":"https:\/\/alpha1mz.org\/pl\/wp-json\/wp\/v2\/users\/1"}],"replies":[{"embeddable":true,"href":"https:\/\/alpha1mz.org\/pl\/wp-json\/wp\/v2\/comments?post=1099"}],"version-history":[{"count":1,"href":"https:\/\/alpha1mz.org\/pl\/wp-json\/wp\/v2\/pages\/1099\/revisions"}],"predecessor-version":[{"id":1100,"href":"https:\/\/alpha1mz.org\/pl\/wp-json\/wp\/v2\/pages\/1099\/revisions\/1100"}],"up":[{"embeddable":true,"href":"https:\/\/alpha1mz.org\/pl\/wp-json\/wp\/v2\/pages\/1044"}],"wp:attachment":[{"href":"https:\/\/alpha1mz.org\/pl\/wp-json\/wp\/v2\/media?parent=1099"}],"curies":[{"name":"wp","href":"https:\/\/api.w.org\/{rel}","templated":true}]}}