{"id":1096,"date":"2025-02-08T11:59:26","date_gmt":"2025-02-08T11:59:26","guid":{"rendered":"https:\/\/alpha1mz.org\/a1-mz-tkanka-laczna\/a1-mz-neurologiczny\/"},"modified":"2025-11-20T09:49:58","modified_gmt":"2025-11-20T09:49:58","slug":"a1-mz-neurologiczny","status":"publish","type":"page","link":"https:\/\/alpha1mz.org\/pl\/a1-mz-tkanka-laczna\/a1-mz-neurologiczny\/","title":{"rendered":"A1 MZ Neurologiczny"},"content":{"rendered":"\n<h2 class=\"wp-block-heading\">Alfa-1 i neuropatia<\/h2>\n\n<p>Witamy w sekcji po\u015bwi\u0119conej alfa-1 i neuropatii, kt\u00f3ra jest jednym z powa\u017cniejszych i cz\u0119sto niedodiagnozowanych skutk\u00f3w alfa-1 MZ, maj\u0105cym du\u017cy wp\u0142yw na jako\u015b\u0107 \u017cycia. <br\/><br\/>Problemy neurologiczne mog\u0105 by\u0107 spowodowane niedoborem alfa-1 antytrypsyny. Jednak najprawdopodobniej nie s\u0105 one bezpo\u015brednim skutkiem niedoboru alfa-1 antytrypsyny, ale skutkiem drugiego\/trzeciego rz\u0119du, spowodowanym problemami z wch\u0142anianiem witaminy B12 w jelicie cienkim. Problem z wch\u0142anianiem mo\u017ce by\u0107 spowodowany brakiem kwas\u00f3w \u017c\u00f3\u0142ciowych, co prowadzi do zaburze\u0144 r\u00f3wnowagi bakteryjnej w jelicie cienkim (<a href=\"https:\/\/en.wikipedia.org\/wiki\/Small_intestinal_bacterial_overgrowth\">SIBO<\/a>), stan\u00f3w zapalnych, takich jak zapalenie \u017co\u0142\u0105dka, lub innych zaburze\u0144 w uk\u0142adzie pokarmowym. <br\/><br\/>Nale\u017cy pami\u0119ta\u0107, \u017ce problemy neurologiczne mog\u0105 by\u0107 r\u00f3wnie\u017c spowodowane innymi chorobami dziedzicznymi lub nawet ich kombinacj\u0105. Wi\u0119cej informacji mo\u017cna znale\u017a\u0107 na <a href=\"https:\/\/www.facebook.com\/groups\/neuro.alpha\">stronie Facebooka<\/a> po\u015bwi\u0119conej alfa-1 i neuropatii. <br\/> <br\/><strong>Niedob\u00f3r witaminy B12<\/strong><br\/>W przypadku problem\u00f3w z wch\u0142anianiem witaminy B12 spowodowanych problemami z alfa-1 antytrypsyn\u0105\/w\u0105troba (brak kwas\u00f3w \u017c\u00f3\u0142ciowych lub problemy autoimmunologiczne\/zapalne), z\u0142o\u017cony szlak metaboliczny witaminy B12 zostanie zaburzony, co spowoduje jej niedob\u00f3r. To z kolei spowoduje r\u00f3\u017cne problemy neurologiczne, kt\u00f3re mog\u0105 prowadzi\u0107 do problem\u00f3w z m\u00f3zgiem, a nawet niepe\u0142nosprawno\u015bci. <br\/><br\/>Niedob\u00f3r witaminy B12 we wczesnym stadium przebiega bezobjawowo. Diagnoza niedoboru witaminy B12 stanowi spore wyzwanie, poniewa\u017c bardzo cz\u0119sto zak\u0142ada si\u0119, \u017ce konieczna jest <a href=\"https:\/\/www.mayoclinic.org\/diseases-conditions\/anemia\/symptoms-causes\/syc-20351360\">anemia<\/a>. <br\/>Istnieje ryzyko, \u017ce diagnoza i leczenie niedoboru witaminy B12 zostan\u0105 op\u00f3\u017anione, co mo\u017ce mie\u0107 du\u017cy wp\u0142yw na pacjenta. Bior\u0105c pod uwag\u0119 ci\u0119\u017cko\u015b\u0107 choroby, wiele os\u00f3b mo\u017ce mie\u0107 przewlek\u0142e objawy (Hunt i in., 2014).<\/p>\n\n<p>Instytut <a href=\"https:\/\/b12-institute.nl\/en\/home-2\/\">B12 Institute <\/a>oferuje szeroki zakres informacji na temat niedoboru witaminy B12. Kliknij <a href=\"https:\/\/b12-institute.nl\/en\/symptoms-of-b12-deficiency\/\">tutaj<\/a>, aby dowiedzie\u0107 si\u0119 wi\u0119cej o objawach niedoboru witaminy B12. <br\/><br\/>Obecna praktyka kliniczna polega na leczeniu niedoboru witaminy B12 za pomoc\u0105 hydroksokobalaminy w postaci domi\u0119\u015bniowej. Standardowa terapia pocz\u0105tkowa dla pacjent\u00f3w bez objaw\u00f3w neurologicznych to 1000 \u03bcg domi\u0119\u015bniowo (i.m.) w r\u00f3\u017cnych odst\u0119pach czasu, w zale\u017cno\u015bci od problem\u00f3w neurologicznych (zazwyczaj 2 razy w tygodniu, a\u017c do ust\u0105pienia objaw\u00f3w).<br\/><br\/>Leczenie podtrzymuj\u0105ce z pocz\u0105tkowym deficytem neurologicznym powinno sk\u0142ada\u0107 si\u0119 z 1000 \u03bcg hydroksokobalaminy i.m. co 2 miesi\u0105ce. Nie s\u0105 wymagane dalsze badania poziomu kobalaminy.<\/p>\n\n<figure class=\"wp-block-image size-full is-resized\"><img loading=\"lazy\" decoding=\"async\" width=\"1024\" height=\"1024\" src=\"https:\/\/alpha1mz.org\/wp-content\/uploads\/2025\/02\/image-2.png\" alt=\"\" class=\"wp-image-393\" style=\"width:278px;height:auto\" srcset=\"https:\/\/alpha1mz.org\/wp-content\/uploads\/2025\/02\/image-2.png 1024w, https:\/\/alpha1mz.org\/wp-content\/uploads\/2025\/02\/image-2-300x300.png 300w, https:\/\/alpha1mz.org\/wp-content\/uploads\/2025\/02\/image-2-150x150.png 150w, https:\/\/alpha1mz.org\/wp-content\/uploads\/2025\/02\/image-2-768x768.png 768w\" sizes=\"auto, (max-width: 1024px) 100vw, 1024px\" \/><\/figure>\n\n<p>Uwaga: powy\u017csze zalecenia dotycz\u0105ce leczenia maj\u0105 charakter og\u00f3lny i nie uwzgl\u0119dniaj\u0105 skutk\u00f3w niedoboru alfa-1 antytrypsyny oraz problem\u00f3w zwi\u0105zanych z w\u0105trob\u0105. Dlatego te\u017c cz\u0119stotliwo\u015b\u0107 leczenia nale\u017cy zawsze uzgadnia\u0107 z uwzgl\u0119dnieniem stanu w\u0105troby pacjenta. Ponadto witamina B12 jest przetwarzana i magazynowana w w\u0105trobie. W przypadku choroby w\u0105troby\/problem\u00f3w z jej funkcjonowaniem magazynowanie witaminy B12 w w\u0105trobie mo\u017ce nie wystarczy\u0107 na okresy mi\u0119dzy dawkami podtrzymuj\u0105cymi, a ilo\u015b\u0107 hydroksokobalaminy mo\u017ce by\u0107 mniejsza, co wymaga skr\u00f3cenia odst\u0119p\u00f3w mi\u0119dzy dawkami. <br\/><br\/><strong>Zawsze nale\u017cy om\u00f3wi\u0107 <\/strong>leczenie witamin\u0105 B12 z <strong>lekarzem<\/strong>, bior\u0105c pod uwag\u0119 stan w\u0105troby spowodowany niedoborem alfa-1!<br\/><br\/>Strona przet\u0142umaczona przez DeepL<\/p>\n\n<p><\/p>\n\n<h2 class=\"wp-block-heading has-text-align-center\">Twoja darowizna mo\u017ce pom\u00f3c zmieni\u0107 \u017cycie!<\/h2>\n\n<div style=\"--givewp-primary-color: #69b86b;\" class=\"givewp-campaign-donate-button-block wp-block-givewp-campaign-donate-button\">\n    <button type=\"button\" class=\"givewp-donation-form-modal__open\">Przeka\u017c darowizn\u0119<\/button><\/div>\n","protected":false},"excerpt":{"rendered":"<p>Alfa-1 i neuropatia Witamy w sekcji po\u015bwi\u0119conej alfa-1 i neuropatii, kt\u00f3ra jest jednym z powa\u017cniejszych i cz\u0119sto niedodiagnozowanych skutk\u00f3w alfa-1 MZ, maj\u0105cym du\u017cy wp\u0142yw na jako\u015b\u0107 \u017cycia. Problemy neurologiczne mog\u0105 by\u0107 spowodowane niedoborem alfa-1 antytrypsyny. Jednak najprawdopodobniej nie s\u0105 one bezpo\u015brednim skutkiem niedoboru alfa-1 antytrypsyny, ale skutkiem drugiego\/trzeciego rz\u0119du, spowodowanym problemami z wch\u0142anianiem witaminy B12 [&hellip;]<\/p>\n","protected":false},"author":1,"featured_media":0,"parent":1044,"menu_order":0,"comment_status":"closed","ping_status":"closed","template":"","meta":{"give_campaign_id":0,"footnotes":""},"class_list":["post-1096","page","type-page","status-publish","hentry"],"campaignId":"","_links":{"self":[{"href":"https:\/\/alpha1mz.org\/pl\/wp-json\/wp\/v2\/pages\/1096","targetHints":{"allow":["GET"]}}],"collection":[{"href":"https:\/\/alpha1mz.org\/pl\/wp-json\/wp\/v2\/pages"}],"about":[{"href":"https:\/\/alpha1mz.org\/pl\/wp-json\/wp\/v2\/types\/page"}],"author":[{"embeddable":true,"href":"https:\/\/alpha1mz.org\/pl\/wp-json\/wp\/v2\/users\/1"}],"replies":[{"embeddable":true,"href":"https:\/\/alpha1mz.org\/pl\/wp-json\/wp\/v2\/comments?post=1096"}],"version-history":[{"count":1,"href":"https:\/\/alpha1mz.org\/pl\/wp-json\/wp\/v2\/pages\/1096\/revisions"}],"predecessor-version":[{"id":1097,"href":"https:\/\/alpha1mz.org\/pl\/wp-json\/wp\/v2\/pages\/1096\/revisions\/1097"}],"up":[{"embeddable":true,"href":"https:\/\/alpha1mz.org\/pl\/wp-json\/wp\/v2\/pages\/1044"}],"wp:attachment":[{"href":"https:\/\/alpha1mz.org\/pl\/wp-json\/wp\/v2\/media?parent=1096"}],"curies":[{"name":"wp","href":"https:\/\/api.w.org\/{rel}","templated":true}]}}