{"id":1093,"date":"2025-02-08T12:05:59","date_gmt":"2025-02-08T12:05:59","guid":{"rendered":"https:\/\/alpha1mz.org\/przekaz-darowizne\/"},"modified":"2025-11-19T12:59:57","modified_gmt":"2025-11-19T12:59:57","slug":"przekaz-darowizne","status":"publish","type":"page","link":"https:\/\/alpha1mz.org\/pl\/przekaz-darowizne\/","title":{"rendered":"Przeka\u017c darowizn\u0119"},"content":{"rendered":"\n<p class=\"has-text-align-center\"><em><em>Twoja darowizna mo\u017ce zmieni\u0107 \u017cycie \u2014 Twoje, Twoich dzieci i przysz\u0142ych pokole\u0144<\/em><\/em><\/p>\n\n<figure class=\"wp-block-image aligncenter size-large is-resized\"><img loading=\"lazy\" decoding=\"async\" width=\"1024\" height=\"1024\" src=\"https:\/\/alpha1mz.org\/wp-content\/uploads\/2025\/10\/support_1-1-1024x1024.png\" alt=\"\" class=\"wp-image-864\" style=\"width:188px;height:auto\" srcset=\"https:\/\/alpha1mz.org\/wp-content\/uploads\/2025\/10\/support_1-1-1024x1024.png 1024w, https:\/\/alpha1mz.org\/wp-content\/uploads\/2025\/10\/support_1-1-300x300.png 300w, https:\/\/alpha1mz.org\/wp-content\/uploads\/2025\/10\/support_1-1-150x150.png 150w, https:\/\/alpha1mz.org\/wp-content\/uploads\/2025\/10\/support_1-1-768x768.png 768w, https:\/\/alpha1mz.org\/wp-content\/uploads\/2025\/10\/support_1-1-1536x1536.png 1536w, https:\/\/alpha1mz.org\/wp-content\/uploads\/2025\/10\/support_1-1-1320x1320.png 1320w, https:\/\/alpha1mz.org\/wp-content\/uploads\/2025\/10\/support_1-1.png 2048w\" sizes=\"auto, (max-width: 1024px) 100vw, 1024px\" \/><\/figure>\n\n<p>Miliony pacjent\u00f3w z Alpha-1 MZ \u017cyj\u0105 z niewyja\u015bnionym zm\u0119czeniem, zapaleniem w\u0105troby lub problemami z p\u0142ucami, nie wiedz\u0105c dlaczego. Fundacja Alpha-1 MZ zmienia t\u0119 sytuacj\u0119. Budujemy globaln\u0105 \u015bwiadomo\u015b\u0107, prowadzimy prze\u0142omowe badania i dajemy naszym pacjentom z Alpha-1 g\u0142os w medycynie.<\/p>\n\n<p>Twoje wsparcie pomaga nam:<\/p>\n\n<ul class=\"wp-block-list\">\n<li><strong><em>Finansowanie najnowocze\u015bniejszych bada\u0144<\/em><\/strong>, aby umo\u017cliwi\u0107 w\u0142a\u015bciwe leczenie i diagnostyk\u0119<\/li>\n\n\n\n<li><strong><em>Globalna wsp\u00f3\u0142praca<\/em><\/strong> z uniwersytetami, bankami biologicznymi i partnerami farmaceutycznymi.<\/li>\n\n\n\n<li><strong><em>Opublikuj nasze wyniki<\/em><\/strong> dla spo\u0142eczno\u015bci medycznej<\/li>\n\n\n\n<li><strong><em>Wzmocnienie pozycji pacjent\u00f3w<\/em><\/strong>, aby mogli oni uczestniczy\u0107 w kszta\u0142towaniu w\u0142asnej opieki.<\/li>\n<\/ul>\n\n<p><strong>Razem mo\u017cemy to osi\u0105gn\u0105\u0107! Przeka\u017c darowizn\u0119 ju\u017c teraz<\/strong>.<\/p>\n<div class='root-data-givewp-embed' data-form-locale='pl_PL' data-form-url='https:\/\/alpha1mz.org\/?post_type=give_forms&#038;p=120' data-form-view-url='https:\/\/alpha1mz.org\/pl\/?givewp-route=donation-form-view&form-id=120' data-src='https:\/\/alpha1mz.org\/pl\/?givewp-route=donation-form-view&form-id=120' data-givewp-embed-id='give-form-shortcode-1' data-form-format='' data-open-form-button='Przeka\u017c darowizn\u0119' style='--givewp-primary-color: #69b86b; --givewp-secondary-color: #f49420;'><\/div>\n\n<p><\/p>\n","protected":false},"excerpt":{"rendered":"<p>Twoja darowizna mo\u017ce zmieni\u0107 \u017cycie \u2014 Twoje, Twoich dzieci i przysz\u0142ych pokole\u0144 Miliony pacjent\u00f3w z Alpha-1 MZ \u017cyj\u0105 z niewyja\u015bnionym zm\u0119czeniem, zapaleniem w\u0105troby lub problemami z p\u0142ucami, nie wiedz\u0105c dlaczego. Fundacja Alpha-1 MZ zmienia t\u0119 sytuacj\u0119. Budujemy globaln\u0105 \u015bwiadomo\u015b\u0107, prowadzimy prze\u0142omowe badania i dajemy naszym pacjentom z Alpha-1 g\u0142os w medycynie. Twoje wsparcie pomaga nam: [&hellip;]<\/p>\n","protected":false},"author":1,"featured_media":0,"parent":0,"menu_order":0,"comment_status":"closed","ping_status":"closed","template":"","meta":{"give_campaign_id":0,"footnotes":""},"class_list":["post-1093","page","type-page","status-publish","hentry"],"campaignId":"","_links":{"self":[{"href":"https:\/\/alpha1mz.org\/pl\/wp-json\/wp\/v2\/pages\/1093","targetHints":{"allow":["GET"]}}],"collection":[{"href":"https:\/\/alpha1mz.org\/pl\/wp-json\/wp\/v2\/pages"}],"about":[{"href":"https:\/\/alpha1mz.org\/pl\/wp-json\/wp\/v2\/types\/page"}],"author":[{"embeddable":true,"href":"https:\/\/alpha1mz.org\/pl\/wp-json\/wp\/v2\/users\/1"}],"replies":[{"embeddable":true,"href":"https:\/\/alpha1mz.org\/pl\/wp-json\/wp\/v2\/comments?post=1093"}],"version-history":[{"count":1,"href":"https:\/\/alpha1mz.org\/pl\/wp-json\/wp\/v2\/pages\/1093\/revisions"}],"predecessor-version":[{"id":1094,"href":"https:\/\/alpha1mz.org\/pl\/wp-json\/wp\/v2\/pages\/1093\/revisions\/1094"}],"wp:attachment":[{"href":"https:\/\/alpha1mz.org\/pl\/wp-json\/wp\/v2\/media?parent=1093"}],"curies":[{"name":"wp","href":"https:\/\/api.w.org\/{rel}","templated":true}]}}