{"id":1084,"date":"2025-02-08T11:55:36","date_gmt":"2025-02-08T11:55:36","guid":{"rendered":"https:\/\/alpha1mz.org\/informacje-dla-pacjenta\/jestem-nowy-w-alpha-1\/"},"modified":"2025-11-19T12:53:02","modified_gmt":"2025-11-19T12:53:02","slug":"jestem-nowy-w-alpha-1","status":"publish","type":"page","link":"https:\/\/alpha1mz.org\/pl\/informacje-dla-pacjenta\/jestem-nowy-w-alpha-1\/","title":{"rendered":"Jestem nowy w Alpha-1"},"content":{"rendered":"\n<p>Cze\u015b\u0107 i witaj na naszej stronie. Je\u015bli tu trafi\u0142e\u015b, to pewnie masz zdiagnozowany niedob\u00f3r alfa-1 antytrypsyny. W tej chwili mo\u017cesz nawet nie wiedzie\u0107, \u017ce s\u0105 r\u00f3\u017cne rodzaje tej choroby. Nie martw si\u0119, pomo\u017cemy Ci. Mo\u017cesz by\u0107 spokojny, nie jeste\u015b sam! Na ca\u0142ym \u015bwiecie oko\u0142o 35 milion\u00f3w os\u00f3b ma t\u0119 chorob\u0119 genetyczn\u0105.<\/p>\n\n<figure class=\"wp-block-image aligncenter size-large is-resized\"><img loading=\"lazy\" decoding=\"async\" width=\"1024\" height=\"546\" src=\"https:\/\/alpha1mz.org\/wp-content\/uploads\/2025\/02\/question-mark-1722865_1280-1024x546.png\" alt=\"\" class=\"wp-image-501\" style=\"width:496px;height:auto\" srcset=\"https:\/\/alpha1mz.org\/wp-content\/uploads\/2025\/02\/question-mark-1722865_1280-1024x546.png 1024w, https:\/\/alpha1mz.org\/wp-content\/uploads\/2025\/02\/question-mark-1722865_1280-300x160.png 300w, https:\/\/alpha1mz.org\/wp-content\/uploads\/2025\/02\/question-mark-1722865_1280-768x409.png 768w, https:\/\/alpha1mz.org\/wp-content\/uploads\/2025\/02\/question-mark-1722865_1280.png 1280w\" sizes=\"auto, (max-width: 1024px) 100vw, 1024px\" \/><\/figure>\n\n<p>Powodem, dla kt\u00f3rego niedob\u00f3r alfa-1 antytrypsyny nie jest (jeszcze) dobrze znany, jest to, \u017ce bardzo trudno jest go zdiagnozowa\u0107 na podstawie objaw\u00f3w. Dlatego wi\u0119kszo\u015b\u0107 z nas odwiedzi\u0142a wielu lekarzy, zanim w ko\u0144cu odkry\u0142a przyczyn\u0119 swoich problem\u00f3w. <br\/><br\/>Istnieje wiele r\u00f3\u017cnych rodzaj\u00f3w niedobor\u00f3w alfa-1 antytrypsyny, ale ta strona internetowa \/ grupa skupia si\u0119 na Alpha-1 MZ, najcz\u0119stszym niedoborze. <br\/><br\/>Najcz\u0119stsze\/znane typy to:<br\/>MM \u2013 typ normalny, zdrowy<br\/>ZZ \u2013 wariant, w kt\u00f3rym wyst\u0119puje tylko ~15%<br\/>MS \u2013 wariant, w kt\u00f3rym wyst\u0119puje ~ 80%<br\/>MZ \u2013 wariant, w kt\u00f3rym wyst\u0119puje ~ 50%<br\/><br\/>Sposobem na ustalenie swojego typu jest badanie genetyczne. Mo\u017cna zapyta\u0107 o to lekarza, ale niekt\u00f3rzy korzystaj\u0105 r\u00f3wnie\u017c z komercyjnych zestaw\u00f3w testowych. Prawdopodobie\u0144stwo, \u017ce jeste\u015b osob\u0105 MZ, jest do\u015b\u0107 wysokie, poniewa\u017c oko\u0142o 4% populacji o europejskim pochodzeniu ma typ MZ. Problem ten dotyczy nie mniej ni\u017c 35 milion\u00f3w os\u00f3b na ca\u0142ym \u015bwiecie.<\/p>\n\n<figure class=\"wp-block-image aligncenter size-full is-resized\"><img decoding=\"async\" src=\"https:\/\/alpha1mz.org\/wp-content\/uploads\/2025\/02\/Scherm&#xAD;afbeelding-2025-02-15-om-14.04.20.png\" alt=\"\" class=\"wp-image-588\" style=\"width:578px;height:auto\"\/><\/figure>\n\n<p>Je\u015bli dowiedzia\u0142e\u015b si\u0119, \u017ce jeste\u015b osob\u0105 z genem alfa-1 MZ, oznacza to, \u017ce masz oko\u0142o 50% alfa-1 antytrypsyny w organizmie w por\u00f3wnaniu z osob\u0105 zdrow\u0105. Te ~50% zazwyczaj wystarcza, aby prowadzi\u0107 dobre \u017cycie, je\u015bli prowadzisz zdrowy tryb \u017cycia (bez alkoholu, czyste powietrze\/niepalenie i rozs\u0105dna, zdrowa dieta).<br\/>Mimo to wszyscy wiemy, \u017ce nie \u017cyjemy w utopii. By\u0107 mo\u017ce pracujesz w bardzo zapylonym \u015brodowisku lub mieszkasz w okolicy, gdzie powietrze jest bardzo zanieczyszczone. By\u0107 mo\u017ce pijesz alkohol i czasami wybierasz niezdrowe, t\u0142uste potrawy z du\u017c\u0105 ilo\u015bci\u0105 cukru. <br\/>\u200b<br\/>Zanim zag\u0142\u0119bimy si\u0119 w informacje dotycz\u0105ce alfa-1 antytrypsyny, pami\u0119taj, \u017ce zdrowy tryb \u017cycia jest kluczem do sukcesu! <br\/>Pierwsz\u0105 rzecz\u0105, kt\u00f3r\u0105 nale\u017cy zrobi\u0107, jest rzucenie palenia (wp\u0142ywa na p\u0142uca) i zaprzestanie spo\u017cywania alkoholu (wp\u0142ywa na w\u0105trob\u0119). <br\/>\u200b<br\/><strong>Wi\u0119cej informacji na temat alfa-1 antytrypsyny lub \u201eAAT\u201d<\/strong><br\/>Alfa-1 antytrypsyna jest wytwarzana przez w\u0105trob\u0119 i najpro\u015bciej m\u00f3wi\u0105c, powoduje ona zatrzymanie \u201estan\u00f3w zapalnych\u201d, gdy nie s\u0105 one ju\u017c potrzebne. Na przyk\u0142ad, gdy do p\u0142uc dostanie si\u0119 kurz lub inne substancje, organizm reaguje na to. Po rozwi\u0105zaniu tego problemu reakcja musi zosta\u0107 zatrzymana. W uproszczeniu w\u0142a\u015bnie to robi AAT: zatrzymuje reakcj\u0119. Teraz mo\u017cna zrozumie\u0107, \u017ce gdy poziom AAT jest obni\u017cony, reakcje w organizmie trwaj\u0105 d\u0142u\u017cej, co mo\u017ce by\u0107 szkodliwe, zw\u0142aszcza dla p\u0142uc. <br\/><br\/>Coraz wi\u0119cej bada\u0144 naukowych wskazuje, \u017ce ni\u017cszy poziom AAT mo\u017ce r\u00f3wnie\u017c wp\u0142ywa\u0107 na uk\u0142ad odporno\u015bciowy. By\u0107 mo\u017ce zauwa\u017cy\u0142e\u015b, \u017ce jako dziecko mia\u0142e\u015b wi\u0119cej problem\u00f3w ni\u017c inne dzieci lub objawy choroby autoimmunologicznej?<br\/><br\/>Powiedzmy co\u015b wi\u0119cej o w\u0105trobie. Jak wspomniano, AAT jest wytwarzany przez w\u0105trob\u0119, ale w przypadku alfa-1 MZ pojawia si\u0119 problem: alfa-1 antytrypsyna typu \u201eM\u201d przedostaje si\u0119 do krwiobiegu z w\u0105troby, ale cz\u0119\u015b\u0107 \u201eZ\u201d pozostaje w kom\u00f3rkach w\u0105troby. Cz\u0119\u015b\u0107 \u201eZ\u201d AAT tworzy polimery w kom\u00f3rkach w\u0105troby, powoduj\u0105c \u201estres\u201d dla tego narz\u0105du.<\/p>\n\n<figure class=\"wp-block-image size-full is-resized\"><img decoding=\"async\" src=\"https:\/\/alpha1mz.org\/wp-content\/uploads\/2025\/02\/Scherm&#xAD;afbeelding-2025-02-15-om-14.02.03.png\" alt=\"\" class=\"wp-image-585\" style=\"width:241px;height:auto\"\/><\/figure>\n\n<p>Je\u015bli dowiedzia\u0142e\u015b si\u0119, \u017ce jeste\u015b osob\u0105 z genem alfa-1 MZ, oznacza to, \u017ce masz oko\u0142o 50% alfa-1 antytrypsyny w organizmie w por\u00f3wnaniu z osob\u0105 zdrow\u0105. Te ~50% zazwyczaj wystarcza, aby prowadzi\u0107 dobre \u017cycie, je\u015bli prowadzisz zdrowy tryb \u017cycia (bez alkoholu, czyste powietrze\/niepalenie i rozs\u0105dna, zdrowa dieta).<br\/>Mimo to wszyscy wiemy, \u017ce nie \u017cyjemy w utopii. By\u0107 mo\u017ce pracujesz w bardzo zapylonym \u015brodowisku lub mieszkasz w okolicy, gdzie powietrze jest bardzo zanieczyszczone. By\u0107 mo\u017ce pijesz alkohol i czasami wybierasz niezdrowe, t\u0142uste potrawy z du\u017c\u0105 ilo\u015bci\u0105 cukru. <br\/>\u200b<br\/>Zanim zag\u0142\u0119bimy si\u0119 w informacje dotycz\u0105ce alfa-1 antytrypsyny, pami\u0119taj, \u017ce zdrowy tryb \u017cycia jest kluczem do sukcesu! <br\/>Pierwsz\u0105 rzecz\u0105, kt\u00f3r\u0105 nale\u017cy zrobi\u0107, jest rzucenie palenia (wp\u0142ywa na p\u0142uca) i zaprzestanie spo\u017cywania alkoholu (wp\u0142ywa na w\u0105trob\u0119). <br\/>\u200b<br\/><strong>Wi\u0119cej informacji na temat alfa-1 antytrypsyny lub \u201eAAT\u201d<\/strong><br\/>Alfa-1 antytrypsyna jest wytwarzana przez w\u0105trob\u0119 i najpro\u015bciej m\u00f3wi\u0105c, powoduje ona zatrzymanie \u201estan\u00f3w zapalnych\u201d, gdy nie s\u0105 one ju\u017c potrzebne. Na przyk\u0142ad, gdy do p\u0142uc dostanie si\u0119 kurz lub inne substancje, organizm reaguje na to. Po rozwi\u0105zaniu tego problemu reakcja musi zosta\u0107 zatrzymana. W uproszczeniu w\u0142a\u015bnie to robi AAT: zatrzymuje reakcj\u0119. Teraz mo\u017cna zrozumie\u0107, \u017ce gdy poziom AAT jest obni\u017cony, reakcje w organizmie trwaj\u0105 d\u0142u\u017cej, co mo\u017ce by\u0107 szkodliwe, zw\u0142aszcza dla p\u0142uc. <br\/><br\/>Coraz wi\u0119cej bada\u0144 naukowych wskazuje, \u017ce ni\u017cszy poziom AAT mo\u017ce r\u00f3wnie\u017c wp\u0142ywa\u0107 na uk\u0142ad odporno\u015bciowy. By\u0107 mo\u017ce zauwa\u017cy\u0142e\u015b, \u017ce jako dziecko mia\u0142e\u015b wi\u0119cej problem\u00f3w ni\u017c inne dzieci lub objawy choroby autoimmunologicznej?<br\/><br\/>Powiedzmy co\u015b wi\u0119cej o w\u0105trobie. Jak wspomniano, AAT jest wytwarzany przez w\u0105trob\u0119, ale w przypadku alfa-1 MZ pojawia si\u0119 problem: alfa-1 antytrypsyna typu \u201eM\u201d przedostaje si\u0119 do krwiobiegu z w\u0105troby, ale cz\u0119\u015b\u0107 \u201eZ\u201d pozostaje w kom\u00f3rkach w\u0105troby. Cz\u0119\u015b\u0107 \u201eZ\u201d AAT tworzy polimery w kom\u00f3rkach w\u0105troby, powoduj\u0105c \u201estres\u201d dla tego narz\u0105du.<\/p>\n\n<figure class=\"wp-block-image aligncenter size-full is-resized\"><img loading=\"lazy\" decoding=\"async\" width=\"665\" height=\"511\" src=\"https:\/\/alpha1mz.org\/wp-content\/uploads\/2025\/02\/Hepatocyte-ER1-1.jpg\" alt=\"\" class=\"wp-image-235\" style=\"width:423px;height:auto\" srcset=\"https:\/\/alpha1mz.org\/wp-content\/uploads\/2025\/02\/Hepatocyte-ER1-1.jpg 665w, https:\/\/alpha1mz.org\/wp-content\/uploads\/2025\/02\/Hepatocyte-ER1-1-300x231.jpg 300w\" sizes=\"auto, (max-width: 665px) 100vw, 665px\" \/><\/figure>\n\n<p><br\/>Bardzo cz\u0119sto problemy z w\u0105trob\u0105, zw\u0142aszcza u os\u00f3b starszych, powoduj\u0105 zaburzenia trawienia, kt\u00f3re mog\u0105 prowadzi\u0107 do niedoboru minera\u0142\u00f3w i witamin. Niedob\u00f3r ten mo\u017ce z kolei prowadzi\u0107 do powa\u017cnych problem\u00f3w, takich jak zaburzenia neurologiczne, trudno\u015bci w chodzeniu, skrajne zm\u0119czenie, niezdolno\u015b\u0107 do pracy itp. <br\/><br\/>Warto przyjrze\u0107 si\u0119 tym niedoborom witamin i minera\u0142\u00f3w, poniewa\u017c w\u0105troba odgrywa tu wa\u017cn\u0105 rol\u0119. Ponadto, poniewa\u017c enzymy w\u0105trobowe zazwyczaj mieszcz\u0105 si\u0119 w normie (jest to powolny proces), problemy te s\u0105 cz\u0119sto pomijane. <br\/>\u200b\u200bWarto r\u00f3wnie\u017c porozmawia\u0107 o swoich problemach i obawach z innymi osobami z niedoborem alfa-1 MZ i dowiedzie\u0107 si\u0119, jak radz\u0105 sobie z tym na co dzie\u0144, aby nie czu\u0107 si\u0119 ca\u0142kowicie samotnym. <br\/><br\/>Istnieje wiele stron na Facebooku po\u015bwi\u0119conych niedoborowi alfa-1 antytrypsyny. Zapraszamy oczywi\u015bcie do odwiedzenia naszej <a href=\"https:\/\/www.facebook.com\/groups\/790526129640939\">strony na Facebooku<\/a>.<br\/><br\/>Strona przet\u0142umaczona przez DeepL<\/p>\n\n<p><\/p>\n\n<h2 class=\"wp-block-heading has-text-align-center\">Twoja darowizna mo\u017ce pom\u00f3c zmieni\u0107 \u017cycie innych ludzi.<\/h2>\n\n<div style=\"--givewp-primary-color: #69b86b;\" class=\"givewp-campaign-donate-button-block wp-block-givewp-campaign-donate-button\">\n    <button type=\"button\" class=\"givewp-donation-form-modal__open\">Przeka\u017c darowizn\u0119<\/button><\/div>\n\n<p><\/p>\n","protected":false},"excerpt":{"rendered":"<p>Cze\u015b\u0107 i witaj na naszej stronie. Je\u015bli tu trafi\u0142e\u015b, to pewnie masz zdiagnozowany niedob\u00f3r alfa-1 antytrypsyny. W tej chwili mo\u017cesz nawet nie wiedzie\u0107, \u017ce s\u0105 r\u00f3\u017cne rodzaje tej choroby. Nie martw si\u0119, pomo\u017cemy Ci. Mo\u017cesz by\u0107 spokojny, nie jeste\u015b sam! Na ca\u0142ym \u015bwiecie oko\u0142o 35 milion\u00f3w os\u00f3b ma t\u0119 chorob\u0119 genetyczn\u0105. Powodem, dla kt\u00f3rego niedob\u00f3r [&hellip;]<\/p>\n","protected":false},"author":1,"featured_media":0,"parent":1078,"menu_order":0,"comment_status":"closed","ping_status":"closed","template":"","meta":{"give_campaign_id":0,"footnotes":""},"class_list":["post-1084","page","type-page","status-publish","hentry"],"campaignId":"","_links":{"self":[{"href":"https:\/\/alpha1mz.org\/pl\/wp-json\/wp\/v2\/pages\/1084","targetHints":{"allow":["GET"]}}],"collection":[{"href":"https:\/\/alpha1mz.org\/pl\/wp-json\/wp\/v2\/pages"}],"about":[{"href":"https:\/\/alpha1mz.org\/pl\/wp-json\/wp\/v2\/types\/page"}],"author":[{"embeddable":true,"href":"https:\/\/alpha1mz.org\/pl\/wp-json\/wp\/v2\/users\/1"}],"replies":[{"embeddable":true,"href":"https:\/\/alpha1mz.org\/pl\/wp-json\/wp\/v2\/comments?post=1084"}],"version-history":[{"count":1,"href":"https:\/\/alpha1mz.org\/pl\/wp-json\/wp\/v2\/pages\/1084\/revisions"}],"predecessor-version":[{"id":1087,"href":"https:\/\/alpha1mz.org\/pl\/wp-json\/wp\/v2\/pages\/1084\/revisions\/1087"}],"up":[{"embeddable":true,"href":"https:\/\/alpha1mz.org\/pl\/wp-json\/wp\/v2\/pages\/1078"}],"wp:attachment":[{"href":"https:\/\/alpha1mz.org\/pl\/wp-json\/wp\/v2\/media?parent=1084"}],"curies":[{"name":"wp","href":"https:\/\/api.w.org\/{rel}","templated":true}]}}