{"id":1078,"date":"2025-02-08T11:55:01","date_gmt":"2025-02-08T11:55:01","guid":{"rendered":"https:\/\/alpha1mz.org\/informacje-dla-pacjenta\/"},"modified":"2025-11-19T12:49:48","modified_gmt":"2025-11-19T12:49:48","slug":"informacje-dla-pacjenta","status":"publish","type":"page","link":"https:\/\/alpha1mz.org\/pl\/informacje-dla-pacjenta\/","title":{"rendered":"Informacje dla pacjenta"},"content":{"rendered":"\n<p>Ta sekcja dla pacjent\u00f3w zawiera podstawowe informacje na temat niedoboru alfa-1 antytrypsyny. <br\/><br\/>&#8211; Czym jest niedob\u00f3r alfa-1 antytrypsyny?\u2028 <br\/>&#8211; Jaka jest funkcja alfa-1 antytrypsyny (AAT)? <br\/>\u2028- Jak wp\u0142ywa to na mnie i jakie s\u0105 objawy? \u2028<br\/>&#8211; Co mog\u0119 zrobi\u0107 samodzielnie, w tym jakie s\u0105 mo\u017cliwe leki i metody leczenia?<br\/><br\/>Je\u015bli jeste\u015b nowym u\u017cytkownikiem, przeczytaj najpierw stron\u0119 \u201eJestem nowym u\u017cytkownikiem Alpha1MZ\u201d, na kt\u00f3rej znajdziesz podstawowe informacje, kt\u00f3re pomog\u0105 Ci zacz\u0105\u0107. Po\u015bwi\u0119\u0107 troch\u0119 czasu na przeczytanie wszystkich informacji, aby zrozumie\u0107, co to oznacza dla Ciebie, a mo\u017ce tak\u017ce dla Twojej rodziny i dzieci.<br\/><br\/>Strona przet\u0142umaczona przez DeepL<\/p>\n\n<p><\/p>\n","protected":false},"excerpt":{"rendered":"<p>Ta sekcja dla pacjent\u00f3w zawiera podstawowe informacje na temat niedoboru alfa-1 antytrypsyny. &#8211; Czym jest niedob\u00f3r alfa-1 antytrypsyny?\u2028 &#8211; Jaka jest funkcja alfa-1 antytrypsyny (AAT)? \u2028- Jak wp\u0142ywa to na mnie i jakie s\u0105 objawy? \u2028&#8211; Co mog\u0119 zrobi\u0107 samodzielnie, w tym jakie s\u0105 mo\u017cliwe leki i metody leczenia? Je\u015bli jeste\u015b nowym u\u017cytkownikiem, przeczytaj najpierw [&hellip;]<\/p>\n","protected":false},"author":1,"featured_media":0,"parent":0,"menu_order":0,"comment_status":"closed","ping_status":"closed","template":"","meta":{"give_campaign_id":0,"footnotes":""},"class_list":["post-1078","page","type-page","status-publish","hentry"],"campaignId":"","_links":{"self":[{"href":"https:\/\/alpha1mz.org\/pl\/wp-json\/wp\/v2\/pages\/1078","targetHints":{"allow":["GET"]}}],"collection":[{"href":"https:\/\/alpha1mz.org\/pl\/wp-json\/wp\/v2\/pages"}],"about":[{"href":"https:\/\/alpha1mz.org\/pl\/wp-json\/wp\/v2\/types\/page"}],"author":[{"embeddable":true,"href":"https:\/\/alpha1mz.org\/pl\/wp-json\/wp\/v2\/users\/1"}],"replies":[{"embeddable":true,"href":"https:\/\/alpha1mz.org\/pl\/wp-json\/wp\/v2\/comments?post=1078"}],"version-history":[{"count":1,"href":"https:\/\/alpha1mz.org\/pl\/wp-json\/wp\/v2\/pages\/1078\/revisions"}],"predecessor-version":[{"id":1079,"href":"https:\/\/alpha1mz.org\/pl\/wp-json\/wp\/v2\/pages\/1078\/revisions\/1079"}],"wp:attachment":[{"href":"https:\/\/alpha1mz.org\/pl\/wp-json\/wp\/v2\/media?parent=1078"}],"curies":[{"name":"wp","href":"https:\/\/api.w.org\/{rel}","templated":true}]}}