{"id":1072,"date":"2025-02-08T11:58:10","date_gmt":"2025-02-08T11:58:10","guid":{"rendered":"https:\/\/alpha1mz.org\/a1-mz-tkanka-laczna\/a1-mz-pluca\/"},"modified":"2025-11-19T11:40:45","modified_gmt":"2025-11-19T11:40:45","slug":"a1-mz-pluca","status":"publish","type":"page","link":"https:\/\/alpha1mz.org\/pl\/a1-mz-tkanka-laczna\/a1-mz-pluca\/","title":{"rendered":"A1 MZ P\u0142uca"},"content":{"rendered":"\n<div class=\"wp-block-group alignfull has-global-padding is-layout-constrained wp-block-group-is-layout-constrained\" style=\"margin-top:0;margin-bottom:0\">\n<div class=\"wp-block-columns alignfull is-layout-flex wp-container-core-columns-is-layout-9c22b1e3 wp-block-columns-is-layout-flex\">\n<div class=\"wp-block-column has-global-padding is-layout-constrained wp-container-core-column-is-layout-1c2ac5aa wp-block-column-is-layout-constrained\">\n<p class=\"has-text-align-left is-style-default has-large-font-size\">W tej sekcji przedstawiamy wi\u0119cej informacji na temat wp\u0142ywu niedoboru alfa-1 antytrypsyny na p\u0142uca. Poniewa\u017c wp\u0142yw ten jest dobrze znany i opisany w innych publikacjach, ograniczymy si\u0119 do przedstawienia najwa\u017cniejszych informacji. M\u00f3wi\u0105c najpro\u015bciej, alfa-1 antytrypsyna chroni p\u0142uca przed stanami zapalnymi i uszkodzeniami spowodowanymi wdychaniem substancji dra\u017cni\u0105cych, takich jak dym tytoniowy i\/lub inne cz\u0105steczki zanieczyszczaj\u0105ce powietrze.<\/p>\n\n\n\n<figure class=\"wp-block-image size-full is-resized\"><img loading=\"lazy\" decoding=\"async\" width=\"752\" height=\"575\" src=\"https:\/\/alpha1mz.org\/wp-content\/uploads\/2025\/02\/lungs-graphic-1.jpg\" alt=\"\" class=\"wp-image-249\" style=\"width:374px;height:auto\" srcset=\"https:\/\/alpha1mz.org\/wp-content\/uploads\/2025\/02\/lungs-graphic-1.jpg 752w, https:\/\/alpha1mz.org\/wp-content\/uploads\/2025\/02\/lungs-graphic-1-300x229.jpg 300w\" sizes=\"auto, (max-width: 752px) 100vw, 752px\" \/><\/figure>\n\n\n\n<p class=\"has-text-align-left is-style-default has-large-font-size\">Alfa-1 antytrypsyna zapewnia ochron\u0119 przed proteazami w ca\u0142ym organizmie, ale przede wszystkim w p\u0142ucach, gdzie neutralizuje aktywno\u015b\u0107 proteazy serynowej, elastazy neutrofilowej. Jest to skuteczny \u201ewy\u0142\u0105cznik\u201d enzymu zwanego elastaz\u0105 neutrofilow\u0105. Elastaza neutrofilowa jest wa\u017cna w zwalczaniu infekcji p\u0142uc, ale mo\u017ce r\u00f3wnie\u017c niszczy\u0107 zdrow\u0105 tkank\u0119 p\u0142ucn\u0105. Po tym, jak elastaza neutrofilowa zd\u0105\u017cy zwalczy\u0107 infekcj\u0119, AAT wy\u0142\u0105cza j\u0105 (hamuje), dzi\u0119ki czemu nie uszkadza ona p\u0142uc. <br\/><br\/>Niedob\u00f3r alfa-1 antytrypsyny powoduje niezr\u00f3wnowa\u017cony (tj. stosunkowo nieograniczony) szybki rozk\u0142ad bia\u0142ek (aktywno\u015b\u0107 proteazy), zw\u0142aszcza w elastycznych strukturach podtrzymuj\u0105cych p\u0142uca, kt\u00f3re znajduj\u0105 si\u0119 w \u015bciankach p\u0119cherzyk\u00f3w p\u0142ucnych, zwanych r\u00f3wnie\u017c p\u0119cherzykami p\u0142ucnymi. Z biegiem lat zniszczenie to mo\u017ce prowadzi\u0107 do post\u0119puj\u0105cego rozpadu \u015bcianek p\u0119cherzyk\u00f3w p\u0142ucnych, czyli rozedmy p\u0142uc, a proces ten jest przyspieszany przez palenie tytoniu i\/lub nara\u017cenie zawodowe.<\/p>\n\n\n\n<figure class=\"wp-block-image aligncenter size-full is-resized\"><img loading=\"lazy\" decoding=\"async\" width=\"794\" height=\"599\" src=\"https:\/\/alpha1mz.org\/wp-content\/uploads\/2025\/02\/emphysema_edited-1.jpg\" alt=\"\" class=\"wp-image-225\" style=\"width:412px;height:auto\" srcset=\"https:\/\/alpha1mz.org\/wp-content\/uploads\/2025\/02\/emphysema_edited-1.jpg 794w, https:\/\/alpha1mz.org\/wp-content\/uploads\/2025\/02\/emphysema_edited-1-300x226.jpg 300w, https:\/\/alpha1mz.org\/wp-content\/uploads\/2025\/02\/emphysema_edited-1-768x579.jpg 768w\" sizes=\"auto, (max-width: 794px) 100vw, 794px\" \/><\/figure>\n<\/div>\n<\/div>\n<\/div>\n\n<p>Rozstrzenie oskrzeli charakteryzuje si\u0119 rozszerzeniem \u015bciany oskrzeli, a objawami klinicznymi s\u0105 kaszel, wydzielanie plwociny i cz\u0119ste zaostrzenia oddechowe. <br\/><br\/>Zwi\u0105zek mi\u0119dzy niedoborem alfa-1 antytrypsyny a rozstrzeniem oskrzeli jest nadal przedmiotem dyskusji, jednak istniej\u0105 badania wskazuj\u0105ce na istnienie zwi\u0105zku mi\u0119dzy AAT a rozstrzeniem oskrzeli. <br\/>Ochronna rola AAT w zapaleniu oskrzeli zosta\u0142a potwierdzona w dw\u00f3ch badaniach, jednym przeprowadzonym na myszach, a drugim na ludziach. Pierwsze z nich wykaza\u0142o, \u017ce u myszy transgenicznych AAT+\/+, kt\u00f3re wykazuj\u0105 ekspresj\u0119 ludzkiego AAT w p\u0142ucach, \u015bmiertelno\u015b\u0107 z powodu zapalenia p\u0142uc wywo\u0142anego przez Pseudomonas aeruginosa by\u0142a o 90% ni\u017csza w por\u00f3wnaniu z nietransgenicznymi zwierz\u0119tami kontrolnymi. <br\/><br\/>Ponadto egzogenny ludzki AAT podany myszom nietransgenicznym r\u00f3wnie\u017c znacznie zmniejszy\u0142 \u015bmiertelno\u015b\u0107 z powodu zapalenia p\u0142uc wywo\u0142anego przez P. aeruginosa. Myszy AAT+\/+ zaka\u017cone P. aeruginosa wykaza\u0142y zmniejszone uszkodzenie tkanki p\u0142ucnej, zmniejszone st\u0119\u017cenie bakterii w p\u0142ucach i krwi oraz zmniejszone st\u0119\u017cenie cytokin we krwi w por\u00f3wnaniu z zaka\u017conymi myszami nietransgenicznymi. Drugie badanie wykaza\u0142o natomiast, \u017ce w\u015br\u00f3d pacjent\u00f3w z niedoborem odporno\u015bci humoralnej wymagaj\u0105cych terapii zast\u0119pczej gamma-globulin\u0105, pacjenci z rozstrzeniem oskrzeli mieli ni\u017csze \u015brednie poziomy AAT ni\u017c pacjenci bez rozstrzenia oskrzeli, co sugeruje, \u017ce niedob\u00f3r AAT mo\u017ce sprzyja\u0107 rozwojowi rozstrzenia oskrzeli.<br\/><br\/>Strona przet\u0142umaczona przez DeepL<\/p>\n\n<figure class=\"wp-block-image size-full\"><img loading=\"lazy\" decoding=\"async\" width=\"470\" height=\"443\" src=\"https:\/\/alpha1mz.org\/wp-content\/uploads\/2025\/02\/Bronchiectasis.jpg\" alt=\"\" class=\"wp-image-142\" srcset=\"https:\/\/alpha1mz.org\/wp-content\/uploads\/2025\/02\/Bronchiectasis.jpg 470w, https:\/\/alpha1mz.org\/wp-content\/uploads\/2025\/02\/Bronchiectasis-300x283.jpg 300w\" sizes=\"auto, (max-width: 470px) 100vw, 470px\" \/><\/figure>\n\n<h2 class=\"wp-block-heading has-text-align-center\">Twoja darowizna mo\u017ce pom\u00f3c zmieni\u0107 \u017cycie!<\/h2>\n\n<div style=\"--givewp-primary-color: #69b86b;\" class=\"givewp-campaign-donate-button-block wp-block-givewp-campaign-donate-button\">\n    <button type=\"button\" class=\"givewp-donation-form-modal__open\">Przeka\u017c darowizn\u0119<\/button><\/div>\n","protected":false},"excerpt":{"rendered":"<p>W tej sekcji przedstawiamy wi\u0119cej informacji na temat wp\u0142ywu niedoboru alfa-1 antytrypsyny na p\u0142uca. Poniewa\u017c wp\u0142yw ten jest dobrze znany i opisany w innych publikacjach, ograniczymy si\u0119 do przedstawienia najwa\u017cniejszych informacji. M\u00f3wi\u0105c najpro\u015bciej, alfa-1 antytrypsyna chroni p\u0142uca przed stanami zapalnymi i uszkodzeniami spowodowanymi wdychaniem substancji dra\u017cni\u0105cych, takich jak dym tytoniowy i\/lub inne cz\u0105steczki zanieczyszczaj\u0105ce powietrze. [&hellip;]<\/p>\n","protected":false},"author":1,"featured_media":0,"parent":1044,"menu_order":0,"comment_status":"closed","ping_status":"closed","template":"","meta":{"give_campaign_id":0,"footnotes":""},"class_list":["post-1072","page","type-page","status-publish","hentry"],"campaignId":"","_links":{"self":[{"href":"https:\/\/alpha1mz.org\/pl\/wp-json\/wp\/v2\/pages\/1072","targetHints":{"allow":["GET"]}}],"collection":[{"href":"https:\/\/alpha1mz.org\/pl\/wp-json\/wp\/v2\/pages"}],"about":[{"href":"https:\/\/alpha1mz.org\/pl\/wp-json\/wp\/v2\/types\/page"}],"author":[{"embeddable":true,"href":"https:\/\/alpha1mz.org\/pl\/wp-json\/wp\/v2\/users\/1"}],"replies":[{"embeddable":true,"href":"https:\/\/alpha1mz.org\/pl\/wp-json\/wp\/v2\/comments?post=1072"}],"version-history":[{"count":1,"href":"https:\/\/alpha1mz.org\/pl\/wp-json\/wp\/v2\/pages\/1072\/revisions"}],"predecessor-version":[{"id":1073,"href":"https:\/\/alpha1mz.org\/pl\/wp-json\/wp\/v2\/pages\/1072\/revisions\/1073"}],"up":[{"embeddable":true,"href":"https:\/\/alpha1mz.org\/pl\/wp-json\/wp\/v2\/pages\/1044"}],"wp:attachment":[{"href":"https:\/\/alpha1mz.org\/pl\/wp-json\/wp\/v2\/media?parent=1072"}],"curies":[{"name":"wp","href":"https:\/\/api.w.org\/{rel}","templated":true}]}}