{"id":1063,"date":"2025-02-08T11:59:11","date_gmt":"2025-02-08T11:59:11","guid":{"rendered":"https:\/\/alpha1mz.org\/a1-mz-tkanka-laczna\/a1-mz-uklad-pokarmowy\/"},"modified":"2025-11-19T12:54:57","modified_gmt":"2025-11-19T12:54:57","slug":"a1-mz-uklad-pokarmowy","status":"publish","type":"page","link":"https:\/\/alpha1mz.org\/pl\/a1-mz-tkanka-laczna\/a1-mz-uklad-pokarmowy\/","title":{"rendered":"A1 MZ Uk\u0142ad pokarmowy"},"content":{"rendered":"\n<h2 class=\"wp-block-heading\">Jelito cienkie i drogi \u017c\u00f3\u0142ciowe Alpha-1 MZ<\/h2>\n\n<figure class=\"wp-block-gallery has-nested-images columns-default is-cropped wp-block-gallery-1 is-layout-flex wp-block-gallery-is-layout-flex\">\n<figure class=\"wp-block-image size-large\"><img loading=\"lazy\" decoding=\"async\" width=\"246\" height=\"306\" data-id=\"264\" src=\"https:\/\/alpha1mz.org\/wp-content\/uploads\/2025\/02\/small-intestine.jpg\" alt=\"\" class=\"wp-image-264\" srcset=\"https:\/\/alpha1mz.org\/wp-content\/uploads\/2025\/02\/small-intestine.jpg 246w, https:\/\/alpha1mz.org\/wp-content\/uploads\/2025\/02\/small-intestine-241x300.jpg 241w\" sizes=\"auto, (max-width: 246px) 100vw, 246px\" \/><figcaption class=\"wp-element-caption\">jelito cienkie <\/figcaption><\/figure>\n\n\n\n<figure class=\"wp-block-image size-large\"><img loading=\"lazy\" decoding=\"async\" width=\"672\" height=\"527\" data-id=\"211\" src=\"https:\/\/alpha1mz.org\/wp-content\/uploads\/2025\/02\/biliary-tract-1.jpg\" alt=\"\" class=\"wp-image-211\" srcset=\"https:\/\/alpha1mz.org\/wp-content\/uploads\/2025\/02\/biliary-tract-1.jpg 672w, https:\/\/alpha1mz.org\/wp-content\/uploads\/2025\/02\/biliary-tract-1-300x235.jpg 300w\" sizes=\"auto, (max-width: 672px) 100vw, 672px\" \/><figcaption class=\"wp-element-caption\">drogi \u017c\u00f3\u0142ciowe<\/figcaption><\/figure>\n<\/figure>\n\n<p>W tej sekcji przedstawiamy wi\u0119cej informacji na temat wp\u0142ywu genotypu MZ niedoboru alfa-1 antytrypsyny na drogi \u017c\u00f3\u0142ciowe i jelito cienkie.<\/p>\n\n<p><strong>Drogi \u017c\u00f3\u0142ciowe<\/strong><br\/>Kilka bada\u0144 naukowych wskazuje na zwi\u0119kszone ryzyko wyst\u0105pienia problem\u00f3w z drogami \u017c\u00f3\u0142ciowymi u pacjent\u00f3w z genotypem MZ. Jest to zgodne z naszymi obserwacjami w grupie Alpha-1 MZ. <br\/><br\/>Fragment: <em>\u201eHeterozygotyczno\u015b\u0107 PI MZ wi\u0105\u017ce si\u0119 ze zwi\u0119kszonym ryzykiem wyst\u0105pienia chor\u00f3b w\u0105troby i wewn\u0105trzkom\u00f3rkowej akumulacji AAT w hepatocytach. Spekulujemy, \u017ce heterozygotyczno\u015b\u0107 MZ mo\u017ce powodowa\u0107 og\u00f3ln\u0105 dysfunkcj\u0119 w\u0105troby w wyniku toksycznego gromadzenia si\u0119 AAT w hepatocytach w miar\u0119 up\u0142ywu czasu, co predysponuje do chor\u00f3b kamicy \u017c\u00f3\u0142ciowej\u201d.<\/em><br\/><br\/>Artyku\u0142y te opieraj\u0105 si\u0119 na analizie statystycznej, kt\u00f3ra pokazuje, \u017ce osoby z genotypem Alpha1 MZ maj\u0105 wi\u0119ksze prawdopodobie\u0144stwo wyst\u0105pienia problem\u00f3w z drogami \u017c\u00f3\u0142ciowymi. <br\/><br\/>Analizuj\u0105c najcz\u0119stsze przyczyny problem\u00f3w z drogami \u017c\u00f3\u0142ciowymi, widzimy (w r\u00f3\u017cnych publikacjach), \u017ce s\u0105 one zazwyczaj zwi\u0105zane np. ze zmniejszeniem produkcji kwas\u00f3w \u017c\u00f3\u0142ciowych (soli \u017c\u00f3\u0142ciowych), co z kolei wskazuje na problemy zwi\u0105zane z w\u0105trob\u0105, kt\u00f3ra nie produkuje wystarczaj\u0105cej ilo\u015bci kwas\u00f3w \u017c\u00f3\u0142ciowych. <br\/><br\/><strong>Jelito cienkie\/mikrobiota jelitowa<\/strong><br\/>Kwasy \u017c\u00f3\u0142ciowe kszta\u0142tuj\u0105 r\u00f3wnie\u017c sk\u0142ad mikrobioty poprzez swoj\u0105 aktywno\u015b\u0107 przeciwbakteryjn\u0105 i aktywacj\u0119 szlak\u00f3w sygna\u0142owych gospodarza, kt\u00f3re utrzymuj\u0105 homeostaz\u0119 jelitow\u0105. Oznacza to, \u017ce gdy w\u0105troba PiMZ nie dostarcza wystarczaj\u0105cej ilo\u015bci kwas\u00f3w \u017c\u00f3\u0142ciowych, mo\u017ce to prowadzi\u0107 do dysbiozy mikrobioty jelitowej. Kliknij <a href=\"https:\/\/alpha1mz.org\/wp-content\/uploads\/2025\/02\/Bile-acids-as-modulators-of-gut-microbiota-composition-and-function-1.pdf\">tutaj<\/a>, aby zapozna\u0107 si\u0119 z tymi badaniami. <br\/><br\/><strong>Kwasy \u017c\u00f3\u0142ciowe jako modulatory sk\u0142adu i funkcji mikroflory jelitowej<\/strong><br\/>Ana\u00efs B. Larab (2023)<br\/><br\/>STRESZCZENIE<br\/><em>Zmiany w sk\u0142adzie spo\u0142eczno\u015bci mikroorganizm\u00f3w zwi\u0105zanych z jelitami s\u0105 zwi\u0105zane z wieloma chorobami cz\u0142owieka, ale czynniki powoduj\u0105ce dysbioz\u0119 pozostaj\u0105 w pe\u0142ni niezrozumia\u0142e. Jednym z czynnik\u00f3w reguluj\u0105cych sk\u0142ad mikroflory jelitowej jest \u017c\u00f3\u0142\u0107. Kwasy \u017c\u00f3\u0142ciowe kszta\u0142tuj\u0105 sk\u0142ad mikroflory poprzez swoj\u0105 aktywno\u015b\u0107 przeciwbakteryjn\u0105 oraz aktywacj\u0119 szlak\u00f3w sygna\u0142owych gospodarza, kt\u00f3re utrzymuj\u0105 homeostaz\u0119 jelitow\u0105. Chocia\u017c kwasy \u017c\u00f3\u0142ciowe pochodz\u0105 od gospodarza, ich funkcje s\u0105 integralnie zwi\u0105zane z metabolizmem bakteryjnym, kt\u00f3ry kszta\u0142tuje sk\u0142ad puli kwas\u00f3w \u017c\u00f3\u0142ciowych w jelitach. Warunki, kt\u00f3re zmieniaj\u0105 wielko\u015b\u0107 lub sk\u0142ad puli kwas\u00f3w \u017c\u00f3\u0142ciowych, mog\u0105 wywo\u0142a\u0107 zmiany w sk\u0142adzie mikrobioty, kt\u00f3re nasilaj\u0105 stan zapalny lub sprzyjaj\u0105 infekcjom oportunistycznymi patogenami. Dlatego manipulowanie sk\u0142adem lub wielko\u015bci\u0105 puli kwas\u00f3w \u017c\u00f3\u0142ciowych mo\u017ce by\u0107 obiecuj\u0105c\u0105 strategi\u0105 naprawy dysbiozy<\/em>.<br\/><br\/>Uwaga: Artyku\u0142 ten zosta\u0142 dodany w celu poparcia tezy, \u017ce pacjenci z Alpha1 MZ maj\u0105 zmniejszon\u0105 dost\u0119pno\u015b\u0107 kwas\u00f3w \u017c\u00f3\u0142ciowych, co t\u0142umaczy\u0142oby ich jasny kolor stolca i problemy z jelitem cienkim (w tym niedobory minera\u0142\u00f3w i witamin).<br\/><br\/>G\u0142\u00f3wnymi objawami dysbiozy s\u0105 problemy \u017co\u0142\u0105dkowo-jelitowe, takie jak b\u00f3le brzucha, wzd\u0119cia, gazy, biegunka i zaparcia. Mog\u0105 one prowadzi\u0107 do zaburze\u0144 wch\u0142aniania, niedobor\u00f3w sk\u0142adnik\u00f3w od\u017cywczych, anemii i hipoproteinemia. <br\/><br\/><strong>Korzystny wp\u0142yw spo\u017cywania octu zwi\u0105zany z regulacj\u0105 mikrobiomu jelitowego i metabolomu<\/strong><br\/><br\/>Wed\u0142ug bada\u0144 naukowych spo\u017cywanie octu zmieni\u0142o struktur\u0119 mikroflory jelitowej poprzez zwi\u0119kszenie ekspresji Verrucomicrobia, Akkermansia, Hungatella i Alistipes oraz zmniejszenie ekspresji Firmicutes, Lachnospiraceae NK4A136_group i Oscillibacter. Naukowcy twierdz\u0105, \u017ce wyniki ich bada\u0144 sugeruj\u0105, i\u017c spo\u017cywanie octu ma korzystny wp\u0142yw na regulacj\u0119 mikrobiomu jelitowego.<\/p>\n\n<figure class=\"wp-block-image aligncenter size-full is-resized\"><img loading=\"lazy\" decoding=\"async\" width=\"1024\" height=\"1024\" src=\"https:\/\/alpha1mz.org\/wp-content\/uploads\/2025\/02\/image-1.png\" alt=\"\" class=\"wp-image-386\" style=\"width:302px;height:auto\" srcset=\"https:\/\/alpha1mz.org\/wp-content\/uploads\/2025\/02\/image-1.png 1024w, https:\/\/alpha1mz.org\/wp-content\/uploads\/2025\/02\/image-1-300x300.png 300w, https:\/\/alpha1mz.org\/wp-content\/uploads\/2025\/02\/image-1-150x150.png 150w, https:\/\/alpha1mz.org\/wp-content\/uploads\/2025\/02\/image-1-768x768.png 768w\" sizes=\"auto, (max-width: 1024px) 100vw, 1024px\" \/><\/figure>\n\n<p><br\/><br\/>Wyniki powy\u017cszych bada\u0144 sugeruj\u0105, \u017ce dieta zawieraj\u0105ca ocet, np. zielona sa\u0142atka z octem balsamicznym, ma korzystny wp\u0142yw na mikroflor\u0119 jelitow\u0105. Kliknij <a href=\"https:\/\/alpha1mz.org\/wp-content\/uploads\/2025\/02\/Beneficial-effect-of-vinegar-consumption.pdf\">tutaj<\/a>, aby przeczyta\u0107 to badanie. <br\/><br\/>Mo\u017cna spodziewa\u0107 si\u0119 kolejnych artyku\u0142\u00f3w i bada\u0144 na ten temat, poniewa\u017c zrozumienie tego zagadnienia jest bardzo wa\u017cne jako kwestia drugiego i trzeciego rz\u0119du spowodowana przez Alpha1 MZ.<br\/><br\/>Strona przet\u0142umaczona przez DeepL<\/p>\n\n<p><\/p>\n\n<h2 class=\"wp-block-heading has-text-align-center\">Twoja darowizna mo\u017ce pom\u00f3c zmieni\u0107 \u017cycie!<\/h2>\n\n<div style=\"--givewp-primary-color: #69b86b;\" class=\"givewp-campaign-donate-button-block wp-block-givewp-campaign-donate-button\">\n    <button type=\"button\" class=\"givewp-donation-form-modal__open\">Przeka\u017c darowizn\u0119<\/button><\/div>\n","protected":false},"excerpt":{"rendered":"<p>Jelito cienkie i drogi \u017c\u00f3\u0142ciowe Alpha-1 MZ W tej sekcji przedstawiamy wi\u0119cej informacji na temat wp\u0142ywu genotypu MZ niedoboru alfa-1 antytrypsyny na drogi \u017c\u00f3\u0142ciowe i jelito cienkie. Drogi \u017c\u00f3\u0142cioweKilka bada\u0144 naukowych wskazuje na zwi\u0119kszone ryzyko wyst\u0105pienia problem\u00f3w z drogami \u017c\u00f3\u0142ciowymi u pacjent\u00f3w z genotypem MZ. Jest to zgodne z naszymi obserwacjami w grupie Alpha-1 MZ. [&hellip;]<\/p>\n","protected":false},"author":1,"featured_media":0,"parent":1044,"menu_order":0,"comment_status":"closed","ping_status":"closed","template":"","meta":{"give_campaign_id":0,"footnotes":""},"class_list":["post-1063","page","type-page","status-publish","hentry"],"campaignId":"","_links":{"self":[{"href":"https:\/\/alpha1mz.org\/pl\/wp-json\/wp\/v2\/pages\/1063","targetHints":{"allow":["GET"]}}],"collection":[{"href":"https:\/\/alpha1mz.org\/pl\/wp-json\/wp\/v2\/pages"}],"about":[{"href":"https:\/\/alpha1mz.org\/pl\/wp-json\/wp\/v2\/types\/page"}],"author":[{"embeddable":true,"href":"https:\/\/alpha1mz.org\/pl\/wp-json\/wp\/v2\/users\/1"}],"replies":[{"embeddable":true,"href":"https:\/\/alpha1mz.org\/pl\/wp-json\/wp\/v2\/comments?post=1063"}],"version-history":[{"count":3,"href":"https:\/\/alpha1mz.org\/pl\/wp-json\/wp\/v2\/pages\/1063\/revisions"}],"predecessor-version":[{"id":1089,"href":"https:\/\/alpha1mz.org\/pl\/wp-json\/wp\/v2\/pages\/1063\/revisions\/1089"}],"up":[{"embeddable":true,"href":"https:\/\/alpha1mz.org\/pl\/wp-json\/wp\/v2\/pages\/1044"}],"wp:attachment":[{"href":"https:\/\/alpha1mz.org\/pl\/wp-json\/wp\/v2\/media?parent=1063"}],"curies":[{"name":"wp","href":"https:\/\/api.w.org\/{rel}","templated":true}]}}