{"id":1044,"date":"2025-02-14T10:50:07","date_gmt":"2025-02-14T10:50:07","guid":{"rendered":"https:\/\/alpha1mz.org\/a1-mz-tkanka-laczna\/"},"modified":"2025-11-19T12:56:35","modified_gmt":"2025-11-19T12:56:35","slug":"a1-mz-tkanka-laczna","status":"publish","type":"page","link":"https:\/\/alpha1mz.org\/pl\/a1-mz-tkanka-laczna\/","title":{"rendered":"Efekty AAT"},"content":{"rendered":"\n<div class=\"wp-block-group alignfull has-global-padding is-layout-constrained wp-container-core-group-is-layout-0c9c989a wp-block-group-is-layout-constrained\" style=\"min-height:0vh;margin-top:0;margin-bottom:0;padding-top:var(--wp--preset--spacing--70);padding-right:var(--wp--preset--spacing--40);padding-bottom:var(--wp--preset--spacing--70);padding-left:var(--wp--preset--spacing--40)\">\n<div class=\"wp-block-group has-global-padding is-layout-constrained wp-container-core-group-is-layout-346627ba wp-block-group-is-layout-constrained\">\n<h2 class=\"wp-block-heading has-text-align-center has-xx-large-font-size\" style=\"margin-right:0;margin-left:0;padding-right:0;padding-left:0\">Skutki niedoboru alfa-1 antytrypsyny<\/h2>\n\n\n\n<p class=\"has-text-align-left\">Niedob\u00f3r alfa-1-antytrypsyny (AAT) jest zaburzeniem genetycznym, kt\u00f3re dotyka przede wszystkim p\u0142uca i w\u0105trob\u0119, ale mo\u017ce r\u00f3wnie\u017c wp\u0142ywa\u0107 na inne narz\u0105dy.<\/p>\n\n\n\n<figure class=\"wp-block-image aligncenter size-full is-resized\"><img loading=\"lazy\" decoding=\"async\" width=\"500\" height=\"500\" src=\"https:\/\/alpha1mz.org\/wp-content\/uploads\/2025\/02\/DNA_edited-1.jpg\" alt=\"\" class=\"wp-image-220\" style=\"width:332px;height:auto\" srcset=\"https:\/\/alpha1mz.org\/wp-content\/uploads\/2025\/02\/DNA_edited-1.jpg 500w, https:\/\/alpha1mz.org\/wp-content\/uploads\/2025\/02\/DNA_edited-1-300x300.jpg 300w, https:\/\/alpha1mz.org\/wp-content\/uploads\/2025\/02\/DNA_edited-1-150x150.jpg 150w\" sizes=\"auto, (max-width: 500px) 100vw, 500px\" \/><\/figure>\n\n\n\n<p class=\"has-text-align-left\"><b>P\u0142uca<\/b>: AAT chroni p\u0142uca przed stanem zapalnym i uszkodzeniami spowodowanymi przez elastaz\u0119 neutrofilow\u0105. Niedob\u00f3r prowadzi do niekontrolowanej aktywno\u015bci enzymu, powoduj\u0105c post\u0119puj\u0105c\u0105 rozedm\u0119 p\u0142uc, przewlek\u0142\u0105 obturacyjn\u0105 chorob\u0119 p\u0142uc (POChP), rozstrzenie oskrzeli i zwi\u0119kszon\u0105 podatno\u015b\u0107 na infekcje.<br\/><br\/><b>W\u0105troba<\/b>: Nieprawid\u0142owo sfa\u0142dowane bia\u0142ka AAT gromadz\u0105 si\u0119 w kom\u00f3rkach w\u0105troby, prowadz\u0105c do przewlek\u0142ej choroby w\u0105troby, zw\u0142\u00f3knienia, marsko\u015bci i zwi\u0119kszonego ryzyka raka w\u0105troby. Mo\u017ce to wyst\u0105pi\u0107 zar\u00f3wno u dzieci, jak i u doros\u0142ych.<br\/><br\/><b>Jelita<\/b>: Niekt\u00f3rzy pacjenci cierpi\u0105 na zapalne choroby jelit (IBD), prawdopodobnie z powodu zaburze\u0144 odpowiedzi immunologicznej.<br\/><br\/><b>Inne narz\u0105dy<\/b>: Niedob\u00f3r AAT wi\u0105\u017ce si\u0119 z zapaleniem naczy\u0144, zapaleniem trzustki i chorobami sk\u00f3ry, takimi jak zapalenie tkanki podsk\u00f3rnej, charakteryzuj\u0105ce si\u0119 bolesnymi guzkami sk\u00f3rnymi spowodowanymi niekontrolowanym stanem zapalnym.<\/p>\n\n\n\n<p class=\"has-text-align-left\">Wczesna diagnoza i leczenie, w tym rzucenie palenia oraz monitorowanie powik\u0142a\u0144 w\u0105trobowych, mog\u0105 pom\u00f3c spowolni\u0107 post\u0119p choroby.&#13;\n&#13;\nStrona przet\u0142umaczona przez DeepL<\/p>\n<\/div>\n<\/div>\n","protected":false},"excerpt":{"rendered":"<p>Skutki niedoboru alfa-1 antytrypsyny Niedob\u00f3r alfa-1-antytrypsyny (AAT) jest zaburzeniem genetycznym, kt\u00f3re dotyka przede wszystkim p\u0142uca i w\u0105trob\u0119, ale mo\u017ce r\u00f3wnie\u017c wp\u0142ywa\u0107 na inne narz\u0105dy. P\u0142uca: AAT chroni p\u0142uca przed stanem zapalnym i uszkodzeniami spowodowanymi przez elastaz\u0119 neutrofilow\u0105. Niedob\u00f3r prowadzi do niekontrolowanej aktywno\u015bci enzymu, powoduj\u0105c post\u0119puj\u0105c\u0105 rozedm\u0119 p\u0142uc, przewlek\u0142\u0105 obturacyjn\u0105 chorob\u0119 p\u0142uc (POChP), rozstrzenie oskrzeli i [&hellip;]<\/p>\n","protected":false},"author":2,"featured_media":0,"parent":0,"menu_order":0,"comment_status":"closed","ping_status":"closed","template":"","meta":{"give_campaign_id":0,"footnotes":""},"class_list":["post-1044","page","type-page","status-publish","hentry"],"campaignId":"","_links":{"self":[{"href":"https:\/\/alpha1mz.org\/pl\/wp-json\/wp\/v2\/pages\/1044","targetHints":{"allow":["GET"]}}],"collection":[{"href":"https:\/\/alpha1mz.org\/pl\/wp-json\/wp\/v2\/pages"}],"about":[{"href":"https:\/\/alpha1mz.org\/pl\/wp-json\/wp\/v2\/types\/page"}],"author":[{"embeddable":true,"href":"https:\/\/alpha1mz.org\/pl\/wp-json\/wp\/v2\/users\/2"}],"replies":[{"embeddable":true,"href":"https:\/\/alpha1mz.org\/pl\/wp-json\/wp\/v2\/comments?post=1044"}],"version-history":[{"count":5,"href":"https:\/\/alpha1mz.org\/pl\/wp-json\/wp\/v2\/pages\/1044\/revisions"}],"predecessor-version":[{"id":1091,"href":"https:\/\/alpha1mz.org\/pl\/wp-json\/wp\/v2\/pages\/1044\/revisions\/1091"}],"wp:attachment":[{"href":"https:\/\/alpha1mz.org\/pl\/wp-json\/wp\/v2\/media?parent=1044"}],"curies":[{"name":"wp","href":"https:\/\/api.w.org\/{rel}","templated":true}]}}